{"id":229,"date":"2017-01-24T18:13:46","date_gmt":"2017-01-24T17:13:46","guid":{"rendered":"http:\/\/www.institut-f\u00fcr-ruhestandsplanung.de\/?page_id=229"},"modified":"2021-01-12T10:45:07","modified_gmt":"2021-01-12T09:45:07","slug":"gernot-arendt","status":"publish","type":"page","link":"https:\/\/www.institut-f\u00fcr-ruhestandsplanung.de\/index.php\/gernot-arendt\/","title":{"rendered":"Gernot Arendt"},"content":{"rendered":"<h1>\u00a0<\/h1>\n<p><strong><a href=\"https:\/\/www.institut-f\u00fcr-ruhestandsplanung.de\/wp-content\/uploads\/2021\/01\/IRP_1-trans.png\" data-rel=\"lightbox-image-0\" data-rl_title=\"\" data-rl_caption=\"\" title=\"\"><img decoding=\"async\" loading=\"lazy\" class=\"alignright wp-image-908 size-medium\" src=\"https:\/\/www.institut-f\u00fcr-ruhestandsplanung.de\/wp-content\/uploads\/2021\/01\/IRP_1-trans-263x300.png\" alt=\"\" width=\"263\" height=\"300\" srcset=\"https:\/\/www.institut-f\u00fcr-ruhestandsplanung.de\/wp-content\/uploads\/2021\/01\/IRP_1-trans-263x300.png 263w, https:\/\/www.institut-f\u00fcr-ruhestandsplanung.de\/wp-content\/uploads\/2021\/01\/IRP_1-trans.png 400w\" sizes=\"(max-width: 263px) 100vw, 263px\" \/><\/a>Gernot Arendt<\/strong> ist Gr\u00fcndungsdirektor und Gesch\u00e4ftsf\u00fchrer des Instituts f\u00fcr RuhestandsPlanung. Der im Jahr 1962 geborene M\u00fcnchner ist gelernter Bankkaufmann und studierte Wirtschafts- und Sozialwissenschaften an der Universit\u00e4t Augsburg mit dem Abschluss Diplom \u00d6konom. Nach 4-j\u00e4hriger T\u00e4tigkeit im elterlichen Modeunternehmen war Gernot Arendt noch knapp weitere 10 Jahre im leitendem Management f\u00fcr verschiedene Handels-unternehmen engagiert, zuletzt als 1. Gesch\u00e4ftsf\u00fchrer der Galeria Kaufhof am M\u00fcnchner Marienplatz. Im Jahre 2002 machte er sich als Unternehmens-, Verm\u00f6gens- und Vorsorgeberater selbst\u00e4ndig. Nach seiner Zertifizierung zum Sachverst\u00e4ndigen f\u00fcr die RuhestandsPlanung (BDRD) gr\u00fcndete Gernot Arendt im Jahr 2009 das Institut f\u00fcr RuhestandsPlanung.<\/p>\n<p>&nbsp;<\/p>\n<p><u><a>zur\u00fcck<\/a><\/u><\/p>\n","protected":false},"excerpt":{"rendered":"<p>\u00a0 Gernot Arendt ist Gr\u00fcndungsdirektor und Gesch\u00e4ftsf\u00fchrer des Instituts f\u00fcr RuhestandsPlanung. Der im Jahr 1962 geborene M\u00fcnchner ist gelernter Bankkaufmann und studierte Wirtschafts- und Sozialwissenschaften an der Universit\u00e4t Augsburg mit dem Abschluss Diplom \u00d6konom. Nach 4-j\u00e4hriger T\u00e4tigkeit im elterlichen Modeunternehmen war Gernot Arendt noch knapp weitere 10 Jahre im leitendem Management f\u00fcr verschiedene Handels-unternehmen engagiert,&nbsp;<\/p>\n<p><a class=\"btn btn-success btn-lg\" href=\"https:\/\/www.institut-f\u00fcr-ruhestandsplanung.de\/index.php\/gernot-arendt\/\">Continue Reading &rarr;<\/a><\/p>\n","protected":false},"author":1,"featured_media":0,"parent":0,"menu_order":9,"comment_status":"closed","ping_status":"closed","template":"","meta":[],"yoast_head":"<!-- This site is optimized with the Yoast SEO plugin v19.13 - https:\/\/yoast.com\/wordpress\/plugins\/seo\/ -->\n<title>Gernot Arendt - Institut f\u00fcr Ruhestandsplanung in M\u00fcnchen<\/title>\n<meta name=\"robots\" content=\"index, follow, max-snippet:-1, max-image-preview:large, max-video-preview:-1\" \/>\n<link rel=\"canonical\" href=\"https:\/\/www.institut-f\u00fcr-ruhestandsplanung.de\/index.php\/gernot-arendt\/\" \/>\n<meta property=\"og:locale\" content=\"de_DE\" \/>\n<meta property=\"og:type\" content=\"article\" \/>\n<meta property=\"og:title\" content=\"Gernot Arendt - Institut f\u00fcr Ruhestandsplanung in M\u00fcnchen\" \/>\n<meta property=\"og:description\" content=\"\u00a0 Gernot Arendt ist Gr\u00fcndungsdirektor und Gesch\u00e4ftsf\u00fchrer des Instituts f\u00fcr RuhestandsPlanung. Der im Jahr 1962 geborene M\u00fcnchner ist gelernter Bankkaufmann und studierte Wirtschafts- und Sozialwissenschaften an der Universit\u00e4t Augsburg mit dem Abschluss Diplom \u00d6konom. Nach 4-j\u00e4hriger T\u00e4tigkeit im elterlichen Modeunternehmen war Gernot Arendt noch knapp weitere 10 Jahre im leitendem Management f\u00fcr verschiedene Handels-unternehmen engagiert,&nbsp;Continue Reading &rarr;\" \/>\n<meta property=\"og:url\" content=\"https:\/\/www.institut-f\u00fcr-ruhestandsplanung.de\/index.php\/gernot-arendt\/\" \/>\n<meta property=\"og:site_name\" content=\"Institut f\u00fcr Ruhestandsplanung in M\u00fcnchen\" \/>\n<meta property=\"article:modified_time\" content=\"2021-01-12T09:45:07+00:00\" \/>\n<meta property=\"og:image\" content=\"https:\/\/www.institut-f\u00fcr-ruhestandsplanung.de\/wp-content\/uploads\/2021\/01\/IRP_1-trans-263x300.png\" \/>\n<meta name=\"twitter:card\" content=\"summary_large_image\" \/>\n<meta name=\"twitter:label1\" content=\"Gesch\u00e4tzte Lesezeit\" \/>\n\t<meta name=\"twitter:data1\" content=\"1\u00a0Minute\" \/>\n<script type=\"application\/ld+json\" class=\"yoast-schema-graph\">{\"@context\":\"https:\/\/schema.org\",\"@graph\":[{\"@type\":\"WebPage\",\"@id\":\"https:\/\/www.institut-f\u00fcr-ruhestandsplanung.de\/index.php\/gernot-arendt\/\",\"url\":\"https:\/\/www.institut-f\u00fcr-ruhestandsplanung.de\/index.php\/gernot-arendt\/\",\"name\":\"Gernot Arendt - Institut f\u00fcr Ruhestandsplanung in M\u00fcnchen\",\"isPartOf\":{\"@id\":\"https:\/\/www.institut-f\u00fcr-ruhestandsplanung.de\/index.php\/#website\"},\"datePublished\":\"2017-01-24T17:13:46+00:00\",\"dateModified\":\"2021-01-12T09:45:07+00:00\",\"breadcrumb\":{\"@id\":\"https:\/\/www.institut-f\u00fcr-ruhestandsplanung.de\/index.php\/gernot-arendt\/#breadcrumb\"},\"inLanguage\":\"de\",\"potentialAction\":[{\"@type\":\"ReadAction\",\"target\":[\"https:\/\/www.institut-f\u00fcr-ruhestandsplanung.de\/index.php\/gernot-arendt\/\"]}]},{\"@type\":\"BreadcrumbList\",\"@id\":\"https:\/\/www.institut-f\u00fcr-ruhestandsplanung.de\/index.php\/gernot-arendt\/#breadcrumb\",\"itemListElement\":[{\"@type\":\"ListItem\",\"position\":1,\"name\":\"Startseite\",\"item\":\"https:\/\/www.institut-f\u00fcr-ruhestandsplanung.de\/index.php\/\"},{\"@type\":\"ListItem\",\"position\":2,\"name\":\"Gernot Arendt\"}]},{\"@type\":\"WebSite\",\"@id\":\"https:\/\/www.institut-f\u00fcr-ruhestandsplanung.de\/index.php\/#website\",\"url\":\"https:\/\/www.institut-f\u00fcr-ruhestandsplanung.de\/index.php\/\",\"name\":\"Institut f\u00fcr Ruhestandsplanung in M\u00fcnchen\",\"description\":\"\",\"potentialAction\":[{\"@type\":\"SearchAction\",\"target\":{\"@type\":\"EntryPoint\",\"urlTemplate\":\"https:\/\/www.institut-f\u00fcr-ruhestandsplanung.de\/index.php\/?s={search_term_string}\"},\"query-input\":\"required name=search_term_string\"}],\"inLanguage\":\"de\"}]}<\/script>\n<!-- \/ Yoast SEO plugin. -->","yoast_head_json":{"title":"Gernot Arendt - Institut f\u00fcr Ruhestandsplanung in M\u00fcnchen","robots":{"index":"index","follow":"follow","max-snippet":"max-snippet:-1","max-image-preview":"max-image-preview:large","max-video-preview":"max-video-preview:-1"},"canonical":"https:\/\/www.institut-f\u00fcr-ruhestandsplanung.de\/index.php\/gernot-arendt\/","og_locale":"de_DE","og_type":"article","og_title":"Gernot Arendt - Institut f\u00fcr Ruhestandsplanung in M\u00fcnchen","og_description":"\u00a0 Gernot Arendt ist Gr\u00fcndungsdirektor und Gesch\u00e4ftsf\u00fchrer des Instituts f\u00fcr RuhestandsPlanung. Der im Jahr 1962 geborene M\u00fcnchner ist gelernter Bankkaufmann und studierte Wirtschafts- und Sozialwissenschaften an der Universit\u00e4t Augsburg mit dem Abschluss Diplom \u00d6konom. Nach 4-j\u00e4hriger T\u00e4tigkeit im elterlichen Modeunternehmen war Gernot Arendt noch knapp weitere 10 Jahre im leitendem Management f\u00fcr verschiedene Handels-unternehmen engagiert,&nbsp;Continue Reading &rarr;","og_url":"https:\/\/www.institut-f\u00fcr-ruhestandsplanung.de\/index.php\/gernot-arendt\/","og_site_name":"Institut f\u00fcr Ruhestandsplanung in M\u00fcnchen","article_modified_time":"2021-01-12T09:45:07+00:00","og_image":[{"url":"https:\/\/www.institut-f\u00fcr-ruhestandsplanung.de\/wp-content\/uploads\/2021\/01\/IRP_1-trans-263x300.png"}],"twitter_card":"summary_large_image","twitter_misc":{"Gesch\u00e4tzte Lesezeit":"1\u00a0Minute"},"schema":{"@context":"https:\/\/schema.org","@graph":[{"@type":"WebPage","@id":"https:\/\/www.institut-f\u00fcr-ruhestandsplanung.de\/index.php\/gernot-arendt\/","url":"https:\/\/www.institut-f\u00fcr-ruhestandsplanung.de\/index.php\/gernot-arendt\/","name":"Gernot Arendt - Institut f\u00fcr Ruhestandsplanung in M\u00fcnchen","isPartOf":{"@id":"https:\/\/www.institut-f\u00fcr-ruhestandsplanung.de\/index.php\/#website"},"datePublished":"2017-01-24T17:13:46+00:00","dateModified":"2021-01-12T09:45:07+00:00","breadcrumb":{"@id":"https:\/\/www.institut-f\u00fcr-ruhestandsplanung.de\/index.php\/gernot-arendt\/#breadcrumb"},"inLanguage":"de","potentialAction":[{"@type":"ReadAction","target":["https:\/\/www.institut-f\u00fcr-ruhestandsplanung.de\/index.php\/gernot-arendt\/"]}]},{"@type":"BreadcrumbList","@id":"https:\/\/www.institut-f\u00fcr-ruhestandsplanung.de\/index.php\/gernot-arendt\/#breadcrumb","itemListElement":[{"@type":"ListItem","position":1,"name":"Startseite","item":"https:\/\/www.institut-f\u00fcr-ruhestandsplanung.de\/index.php\/"},{"@type":"ListItem","position":2,"name":"Gernot Arendt"}]},{"@type":"WebSite","@id":"https:\/\/www.institut-f\u00fcr-ruhestandsplanung.de\/index.php\/#website","url":"https:\/\/www.institut-f\u00fcr-ruhestandsplanung.de\/index.php\/","name":"Institut f\u00fcr Ruhestandsplanung in M\u00fcnchen","description":"","potentialAction":[{"@type":"SearchAction","target":{"@type":"EntryPoint","urlTemplate":"https:\/\/www.institut-f\u00fcr-ruhestandsplanung.de\/index.php\/?s={search_term_string}"},"query-input":"required name=search_term_string"}],"inLanguage":"de"}]}},"_links":{"self":[{"href":"https:\/\/www.institut-f\u00fcr-ruhestandsplanung.de\/index.php\/wp-json\/wp\/v2\/pages\/229"}],"collection":[{"href":"https:\/\/www.institut-f\u00fcr-ruhestandsplanung.de\/index.php\/wp-json\/wp\/v2\/pages"}],"about":[{"href":"https:\/\/www.institut-f\u00fcr-ruhestandsplanung.de\/index.php\/wp-json\/wp\/v2\/types\/page"}],"author":[{"embeddable":true,"href":"https:\/\/www.institut-f\u00fcr-ruhestandsplanung.de\/index.php\/wp-json\/wp\/v2\/users\/1"}],"replies":[{"embeddable":true,"href":"https:\/\/www.institut-f\u00fcr-ruhestandsplanung.de\/index.php\/wp-json\/wp\/v2\/comments?post=229"}],"version-history":[{"count":9,"href":"https:\/\/www.institut-f\u00fcr-ruhestandsplanung.de\/index.php\/wp-json\/wp\/v2\/pages\/229\/revisions"}],"predecessor-version":[{"id":910,"href":"https:\/\/www.institut-f\u00fcr-ruhestandsplanung.de\/index.php\/wp-json\/wp\/v2\/pages\/229\/revisions\/910"}],"wp:attachment":[{"href":"https:\/\/www.institut-f\u00fcr-ruhestandsplanung.de\/index.php\/wp-json\/wp\/v2\/media?parent=229"}],"curies":[{"name":"wp","href":"https:\/\/api.w.org\/{rel}","templated":true}]}}