{"id":32,"date":"2017-01-17T16:30:37","date_gmt":"2017-01-17T15:30:37","guid":{"rendered":"http:\/\/www.institut-f\u00fcr-ruhestandsplanung.de\/?page_id=32"},"modified":"2023-09-26T16:58:27","modified_gmt":"2023-09-26T14:58:27","slug":"ruhestandsplanung","status":"publish","type":"page","link":"https:\/\/www.institut-f\u00fcr-ruhestandsplanung.de\/index.php\/ruhestandsplanung\/","title":{"rendered":"Ruhestandsplanung"},"content":{"rendered":"<h1>RuhestandsPlanung<\/h1>\n<p>Die meisten Menschen verfolgen aufmerksam die Entwicklung der gesetzlichen Renten und haben selbst privat z. B. mit Lebens-, Rentenversicherung, verschiedenen Kapitalanlagen oder Immobilien vorgesorgt. Dennoch lautet die Kernfrage: <strong>Wieviel Geld steht nach Steuern und Inflation letztendlich zu Rentenbeginn und w\u00e4hrend der gesamten Rentenphase wirklich zur Verf\u00fcgung?<\/strong><\/p>\n<p><strong>Eine Ruhestandsbilanz schafft Klarheit. Auf Basis Ihrer pers\u00f6nlichen finanziellen Bed\u00fcrfnisse und Ziele im Ruhestand analysieren wir Ihre hierf\u00fcr bereits vorhandenen Anlage- und Sparformen sowie evtl. Erweiterungsoptionen. Darauf basierend errechnen wir Ihre \u201eindividuell notwendigen Rendite\u201c, welche f\u00fcr Ihre anschlie\u00dfende RuhestandsPlanung die entscheidende Zielvorgabe ist.\u00a0<\/strong><strong>Die durch die RuhestandsPlanung entstandene Transparenz l\u00e4sst Sie nun leicht erkennen, welche Verm\u00f6gens- und Anlagestrategie f\u00fcr Ihre Altersvorsorge geeignet ist, Ihre individuell notwendige Rendite zu erreichen.<\/strong><\/p>\n<p style=\"text-align: right;\"><strong><a href=\"https:\/\/www.institut-f\u00fcr-ruhestandsplanung.de\/index.php\/kontakt\/\"><span style=\"color: #ff0000;\">Kontakt<\/span><\/a><\/strong><\/p>\n<p>&nbsp;<\/p>\n<p>Ein heutiger Rentner bezieht den Gro\u00dfteil seiner Rente aus der gesetzlichen Rentenversicherung. Dagegen werden k\u00fcnftige Rentner nur noch einen geringen Teil ihrer Rente aus der gesetzlichen Rentenkasse erhalten.\u00a0 Ein durchschnittlicher Arbeitnehmer wird laut Gesetz (\u00a7 154 Abs. 3 SGB VI) <a href=\"https:\/\/www.institut-f\u00fcr-ruhestandsplanung.de\/wp-content\/uploads\/2017\/02\/entwicklung-Rentenniveau.jpg\" target=\"_blank\" rel=\"noopener\" data-rel=\"lightbox-image-0\" data-rl_title=\"\" data-rl_caption=\"\" title=\"\">im Jahr 2040 nur noch 43 % des letzten Nettoeinkommens als gesetzliche Rente<\/a> erhalten.<\/p>\n<p>Die Ursachen f\u00fcr diese Entwicklung sind vielschichtig, aber haupts\u00e4chlich in der demografischen Entwicklung der deutschen Bev\u00f6lkerung zu suchen. Immer weniger Beitragszahler m\u00fcssen die Rente f\u00fcr immer mehr Rentner finanzieren.<\/p>\n<p><a href=\"https:\/\/service.destatis.de\/bevoelkerungspyramide\/#\" target=\"_blank\" rel=\"noopener\"><img decoding=\"async\" loading=\"lazy\" class=\"alignleft wp-image-921\" title=\"koordinierte Bev\u00f6lkerungsvorausberechnung f\u00fcr Deutschland\" src=\"https:\/\/www.institut-f\u00fcr-ruhestandsplanung.de\/wp-content\/uploads\/2021\/03\/Alterpyramide-1024x909.png\" alt=\"\" width=\"426\" height=\"378\" srcset=\"https:\/\/www.institut-f\u00fcr-ruhestandsplanung.de\/wp-content\/uploads\/2021\/03\/Alterpyramide-1024x909.png 1024w, https:\/\/www.institut-f\u00fcr-ruhestandsplanung.de\/wp-content\/uploads\/2021\/03\/Alterpyramide-300x266.png 300w, https:\/\/www.institut-f\u00fcr-ruhestandsplanung.de\/wp-content\/uploads\/2021\/03\/Alterpyramide-768x682.png 768w, https:\/\/www.institut-f\u00fcr-ruhestandsplanung.de\/wp-content\/uploads\/2021\/03\/Alterpyramide.png 1062w\" sizes=\"(max-width: 426px) 100vw, 426px\" \/><\/a><img decoding=\"async\" loading=\"lazy\" class=\"alignright wp-image-922\" title=\"Zunehmende Belastung der Beitragszahler in der gesetzlichen Rentenversicherung\" src=\"https:\/\/www.institut-f\u00fcr-ruhestandsplanung.de\/wp-content\/uploads\/2021\/03\/altersrentner-beitragszahler-1024x486.jpg\" alt=\"\" width=\"588\" height=\"279\" srcset=\"https:\/\/www.institut-f\u00fcr-ruhestandsplanung.de\/wp-content\/uploads\/2021\/03\/altersrentner-beitragszahler-1024x486.jpg 1024w, https:\/\/www.institut-f\u00fcr-ruhestandsplanung.de\/wp-content\/uploads\/2021\/03\/altersrentner-beitragszahler-300x142.jpg 300w, https:\/\/www.institut-f\u00fcr-ruhestandsplanung.de\/wp-content\/uploads\/2021\/03\/altersrentner-beitragszahler-768x365.jpg 768w, https:\/\/www.institut-f\u00fcr-ruhestandsplanung.de\/wp-content\/uploads\/2021\/03\/altersrentner-beitragszahler-1536x729.jpg 1536w, https:\/\/www.institut-f\u00fcr-ruhestandsplanung.de\/wp-content\/uploads\/2021\/03\/altersrentner-beitragszahler-2048x972.jpg 2048w\" sizes=\"(max-width: 588px) 100vw, 588px\" \/><\/p>\n<p>&nbsp;<\/p>\n<p>&nbsp;<\/p>\n<p>&nbsp;<\/p>\n<p>&nbsp;<\/p>\n<p>&nbsp;<\/p>\n<p>&nbsp;<\/p>\n<p>&nbsp;<\/p>\n<p>&nbsp;<\/p>\n<p>&nbsp;<\/p>\n<p>&nbsp;<\/p>\n<p>&nbsp;<\/p>\n<p>&nbsp;<\/p>\n<p>Dazu kommt, dass die Lebenserwartung im Durchschnitt ebenfalls steigt (<a href=\"https:\/\/www.institut-f\u00fcr-ruhestandsplanung.de\/wp-content\/uploads\/2017\/01\/Lebenserwartun-steigt-weiter.pdf\" target=\"_blank\" rel=\"noopener\">Langlebigkeitsrisiko<\/a>). Deswegen muss die private und betriebliche Initiative zur Altersvorsorge wachsen, wenn im Ruhestand ein angemessener Lebensstandard gesichert sein soll. Und je fr\u00fcher man damit beginnt die notwendigen Ma\u00dfnahmen einzuleiten, desto besser und vor allem g\u00fcnstiger ist es.<\/p>\n<p><strong>Die Erstellung eines individuellen Ruhestandsplanes erfolgt in folgenden Schritten:<\/strong><\/p>\n<ol class=\"aufzleft\">\n<li>Definition Ihres individuellen, zum Lebensunterhalt notwendigen mtl. Kapitalbedarfes in der Rentenphase unter Ber\u00fccksichtigung von Inflation und Steuern<\/li>\n<li>Erfassung von &#8230;\n<ul class=\"aufzleft\">\n<li>Rentenanspr\u00fcchen aus der gesetzlichen Rentenversicherung<\/li>\n<li>sonstigen Rentenanspr\u00fcchen, z.B. aus einer Betriebsrente, etc.<\/li>\n<li>Renten- oder Kapitalwertanspr\u00fcchen aus privaten Renten- oder Kapitallebensversicherungen, etc.<\/li>\n<li>sonstigen Verm\u00f6genswerten und Ansparformen, die zur Altersvorsorge dienen sollen<\/li>\n<\/ul>\n<\/li>\n<li>Hochrechnung dieser erfassten Werte auf den Rentenbeginn und die Rentenphase unter Ber\u00fccksichtigung von Inflation, Steuern, Rendite und Lebenserwartung<\/li>\n<li>Soll\/Ist-Abgleich der hochgerechneten Rentenanspr\u00fcche mit dem ben\u00f6tigten Kapitalbedarf in Form einer Ruhestandsbilanz<\/li>\n<li>Bei unausgeglichener Ruhestandsbilanz (Rentenl\u00fccke) erfolgt die Erstellung eines strategischen Ruhestandsplanes auf Basis der errechneten <em>individuell notwendigen Rendite<\/em> und ein Konzept zur Sicherung Ihres Kapitalbedarfs f\u00fcr die gesamte Ruhestandsphase.<\/li>\n<\/ol>\n<p style=\"text-align: right;\"><strong><a href=\"https:\/\/www.institut-f\u00fcr-ruhestandsplanung.de\/index.php\/kontakt\/\"><span style=\"color: #ff0000;\">Kontakt<\/span><\/a><\/strong><\/p>\n<p>&nbsp;<\/p>\n<hr \/>\n<p><video poster=\"https:\/\/www.institut-f\u00fcr-ruhestandsplanung.de\/wp-content\/uploads\/2017\/02\/videodeckblatt-5.jpg\" controls=\"controls\" width=\"500\" height=\"300\"><source src=\"https:\/\/www.institut-f\u00fcr-ruhestandsplanung.de\/wp-content\/uploads\/2017\/02\/Gernot_final_x264_001-1024.mp4\" type=\"video\/mp4\" \/><\/video><\/p>\n<p style=\"text-align: center;\">\u00a0<\/p>\n<p style=\"text-align: center;\">\u00a0<\/p>\n<p style=\"text-align: center;\"><strong><span style=\"font-size: 18pt; color: #ff0000;\"><span style=\"font-size: 14pt;\"><a class=\"linkrot\" href=\"https:\/\/www.institut-f\u00fcr-ruhestandsplanung.de\/kontakt\/\">Hier kostenfreie PDF anfordern =&gt;<\/a><\/span><\/span><\/strong><\/p>\n<p>&nbsp;<\/p>\n<p style=\"text-align: center;\"><span style=\"font-size: 16pt; color: #0e2f78;\"><strong>\u201eWie Sie Ihren Kapitbedarf im Alter ermitteln<\/strong><\/span><br \/>\n<span style=\"font-size: 16pt; color: #0e2f78;\"> <strong>und dabei die 7 h\u00e4ufigsten Fehler vermeiden!&#8220;<\/strong><\/span><\/p>\n<p>&nbsp;<\/p>\n","protected":false},"excerpt":{"rendered":"<p>RuhestandsPlanung Die meisten Menschen verfolgen aufmerksam die Entwicklung der gesetzlichen Renten und haben selbst privat z. B. mit Lebens-, Rentenversicherung, verschiedenen Kapitalanlagen oder Immobilien vorgesorgt. Dennoch lautet die Kernfrage: Wieviel Geld steht nach Steuern und Inflation letztendlich zu Rentenbeginn und w\u00e4hrend der gesamten Rentenphase wirklich zur Verf\u00fcgung? Eine Ruhestandsbilanz schafft Klarheit. Auf Basis Ihrer pers\u00f6nlichen&nbsp;<\/p>\n<p><a class=\"btn btn-success btn-lg\" href=\"https:\/\/www.institut-f\u00fcr-ruhestandsplanung.de\/index.php\/ruhestandsplanung\/\">Continue Reading &rarr;<\/a><\/p>\n","protected":false},"author":1,"featured_media":0,"parent":0,"menu_order":5,"comment_status":"closed","ping_status":"closed","template":"","meta":[],"yoast_head":"<!-- This site is optimized with the Yoast SEO plugin v19.13 - https:\/\/yoast.com\/wordpress\/plugins\/seo\/ -->\n<title>Ruhestandsplanung - Institut f\u00fcr Ruhestandsplanung in M\u00fcnchen<\/title>\n<meta name=\"robots\" content=\"index, follow, max-snippet:-1, max-image-preview:large, max-video-preview:-1\" \/>\n<link rel=\"canonical\" href=\"https:\/\/www.institut-f\u00fcr-ruhestandsplanung.de\/index.php\/ruhestandsplanung\/\" \/>\n<meta property=\"og:locale\" content=\"de_DE\" \/>\n<meta property=\"og:type\" content=\"article\" \/>\n<meta property=\"og:title\" content=\"Ruhestandsplanung - Institut f\u00fcr Ruhestandsplanung in M\u00fcnchen\" \/>\n<meta property=\"og:description\" content=\"RuhestandsPlanung Die meisten Menschen verfolgen aufmerksam die Entwicklung der gesetzlichen Renten und haben selbst privat z. B. mit Lebens-, Rentenversicherung, verschiedenen Kapitalanlagen oder Immobilien vorgesorgt. Dennoch lautet die Kernfrage: Wieviel Geld steht nach Steuern und Inflation letztendlich zu Rentenbeginn und w\u00e4hrend der gesamten Rentenphase wirklich zur Verf\u00fcgung? Eine Ruhestandsbilanz schafft Klarheit. Auf Basis Ihrer pers\u00f6nlichen&nbsp;Continue Reading &rarr;\" \/>\n<meta property=\"og:url\" content=\"https:\/\/www.institut-f\u00fcr-ruhestandsplanung.de\/index.php\/ruhestandsplanung\/\" \/>\n<meta property=\"og:site_name\" content=\"Institut f\u00fcr Ruhestandsplanung in M\u00fcnchen\" \/>\n<meta property=\"article:modified_time\" content=\"2023-09-26T14:58:27+00:00\" \/>\n<meta name=\"twitter:card\" content=\"summary_large_image\" \/>\n<meta name=\"twitter:label1\" content=\"Gesch\u00e4tzte Lesezeit\" \/>\n\t<meta name=\"twitter:data1\" content=\"3\u00a0Minuten\" \/>\n<script type=\"application\/ld+json\" class=\"yoast-schema-graph\">{\"@context\":\"https:\/\/schema.org\",\"@graph\":[{\"@type\":\"WebPage\",\"@id\":\"https:\/\/www.institut-f\u00fcr-ruhestandsplanung.de\/index.php\/ruhestandsplanung\/\",\"url\":\"https:\/\/www.institut-f\u00fcr-ruhestandsplanung.de\/index.php\/ruhestandsplanung\/\",\"name\":\"Ruhestandsplanung - Institut f\u00fcr Ruhestandsplanung in M\u00fcnchen\",\"isPartOf\":{\"@id\":\"https:\/\/www.institut-f\u00fcr-ruhestandsplanung.de\/index.php\/#website\"},\"datePublished\":\"2017-01-17T15:30:37+00:00\",\"dateModified\":\"2023-09-26T14:58:27+00:00\",\"breadcrumb\":{\"@id\":\"https:\/\/www.institut-f\u00fcr-ruhestandsplanung.de\/index.php\/ruhestandsplanung\/#breadcrumb\"},\"inLanguage\":\"de\",\"potentialAction\":[{\"@type\":\"ReadAction\",\"target\":[\"https:\/\/www.institut-f\u00fcr-ruhestandsplanung.de\/index.php\/ruhestandsplanung\/\"]}]},{\"@type\":\"BreadcrumbList\",\"@id\":\"https:\/\/www.institut-f\u00fcr-ruhestandsplanung.de\/index.php\/ruhestandsplanung\/#breadcrumb\",\"itemListElement\":[{\"@type\":\"ListItem\",\"position\":1,\"name\":\"Startseite\",\"item\":\"https:\/\/www.institut-f\u00fcr-ruhestandsplanung.de\/index.php\/\"},{\"@type\":\"ListItem\",\"position\":2,\"name\":\"Ruhestandsplanung\"}]},{\"@type\":\"WebSite\",\"@id\":\"https:\/\/www.institut-f\u00fcr-ruhestandsplanung.de\/index.php\/#website\",\"url\":\"https:\/\/www.institut-f\u00fcr-ruhestandsplanung.de\/index.php\/\",\"name\":\"Institut f\u00fcr Ruhestandsplanung in M\u00fcnchen\",\"description\":\"\",\"potentialAction\":[{\"@type\":\"SearchAction\",\"target\":{\"@type\":\"EntryPoint\",\"urlTemplate\":\"https:\/\/www.institut-f\u00fcr-ruhestandsplanung.de\/index.php\/?s={search_term_string}\"},\"query-input\":\"required name=search_term_string\"}],\"inLanguage\":\"de\"}]}<\/script>\n<!-- \/ Yoast SEO plugin. -->","yoast_head_json":{"title":"Ruhestandsplanung - Institut f\u00fcr Ruhestandsplanung in M\u00fcnchen","robots":{"index":"index","follow":"follow","max-snippet":"max-snippet:-1","max-image-preview":"max-image-preview:large","max-video-preview":"max-video-preview:-1"},"canonical":"https:\/\/www.institut-f\u00fcr-ruhestandsplanung.de\/index.php\/ruhestandsplanung\/","og_locale":"de_DE","og_type":"article","og_title":"Ruhestandsplanung - Institut f\u00fcr Ruhestandsplanung in M\u00fcnchen","og_description":"RuhestandsPlanung Die meisten Menschen verfolgen aufmerksam die Entwicklung der gesetzlichen Renten und haben selbst privat z. B. mit Lebens-, Rentenversicherung, verschiedenen Kapitalanlagen oder Immobilien vorgesorgt. Dennoch lautet die Kernfrage: Wieviel Geld steht nach Steuern und Inflation letztendlich zu Rentenbeginn und w\u00e4hrend der gesamten Rentenphase wirklich zur Verf\u00fcgung? Eine Ruhestandsbilanz schafft Klarheit. Auf Basis Ihrer pers\u00f6nlichen&nbsp;Continue Reading &rarr;","og_url":"https:\/\/www.institut-f\u00fcr-ruhestandsplanung.de\/index.php\/ruhestandsplanung\/","og_site_name":"Institut f\u00fcr Ruhestandsplanung in M\u00fcnchen","article_modified_time":"2023-09-26T14:58:27+00:00","twitter_card":"summary_large_image","twitter_misc":{"Gesch\u00e4tzte Lesezeit":"3\u00a0Minuten"},"schema":{"@context":"https:\/\/schema.org","@graph":[{"@type":"WebPage","@id":"https:\/\/www.institut-f\u00fcr-ruhestandsplanung.de\/index.php\/ruhestandsplanung\/","url":"https:\/\/www.institut-f\u00fcr-ruhestandsplanung.de\/index.php\/ruhestandsplanung\/","name":"Ruhestandsplanung - Institut f\u00fcr Ruhestandsplanung in M\u00fcnchen","isPartOf":{"@id":"https:\/\/www.institut-f\u00fcr-ruhestandsplanung.de\/index.php\/#website"},"datePublished":"2017-01-17T15:30:37+00:00","dateModified":"2023-09-26T14:58:27+00:00","breadcrumb":{"@id":"https:\/\/www.institut-f\u00fcr-ruhestandsplanung.de\/index.php\/ruhestandsplanung\/#breadcrumb"},"inLanguage":"de","potentialAction":[{"@type":"ReadAction","target":["https:\/\/www.institut-f\u00fcr-ruhestandsplanung.de\/index.php\/ruhestandsplanung\/"]}]},{"@type":"BreadcrumbList","@id":"https:\/\/www.institut-f\u00fcr-ruhestandsplanung.de\/index.php\/ruhestandsplanung\/#breadcrumb","itemListElement":[{"@type":"ListItem","position":1,"name":"Startseite","item":"https:\/\/www.institut-f\u00fcr-ruhestandsplanung.de\/index.php\/"},{"@type":"ListItem","position":2,"name":"Ruhestandsplanung"}]},{"@type":"WebSite","@id":"https:\/\/www.institut-f\u00fcr-ruhestandsplanung.de\/index.php\/#website","url":"https:\/\/www.institut-f\u00fcr-ruhestandsplanung.de\/index.php\/","name":"Institut f\u00fcr Ruhestandsplanung in M\u00fcnchen","description":"","potentialAction":[{"@type":"SearchAction","target":{"@type":"EntryPoint","urlTemplate":"https:\/\/www.institut-f\u00fcr-ruhestandsplanung.de\/index.php\/?s={search_term_string}"},"query-input":"required name=search_term_string"}],"inLanguage":"de"}]}},"_links":{"self":[{"href":"https:\/\/www.institut-f\u00fcr-ruhestandsplanung.de\/index.php\/wp-json\/wp\/v2\/pages\/32"}],"collection":[{"href":"https:\/\/www.institut-f\u00fcr-ruhestandsplanung.de\/index.php\/wp-json\/wp\/v2\/pages"}],"about":[{"href":"https:\/\/www.institut-f\u00fcr-ruhestandsplanung.de\/index.php\/wp-json\/wp\/v2\/types\/page"}],"author":[{"embeddable":true,"href":"https:\/\/www.institut-f\u00fcr-ruhestandsplanung.de\/index.php\/wp-json\/wp\/v2\/users\/1"}],"replies":[{"embeddable":true,"href":"https:\/\/www.institut-f\u00fcr-ruhestandsplanung.de\/index.php\/wp-json\/wp\/v2\/comments?post=32"}],"version-history":[{"count":111,"href":"https:\/\/www.institut-f\u00fcr-ruhestandsplanung.de\/index.php\/wp-json\/wp\/v2\/pages\/32\/revisions"}],"predecessor-version":[{"id":1088,"href":"https:\/\/www.institut-f\u00fcr-ruhestandsplanung.de\/index.php\/wp-json\/wp\/v2\/pages\/32\/revisions\/1088"}],"wp:attachment":[{"href":"https:\/\/www.institut-f\u00fcr-ruhestandsplanung.de\/index.php\/wp-json\/wp\/v2\/media?parent=32"}],"curies":[{"name":"wp","href":"https:\/\/api.w.org\/{rel}","templated":true}]}}