{"id":35,"date":"2017-01-17T16:34:40","date_gmt":"2017-01-17T15:34:40","guid":{"rendered":"http:\/\/www.institut-f\u00fcr-ruhestandsplanung.de\/?page_id=35"},"modified":"2023-09-26T17:07:19","modified_gmt":"2023-09-26T15:07:19","slug":"vermoegensplanung","status":"publish","type":"page","link":"https:\/\/www.institut-f\u00fcr-ruhestandsplanung.de\/index.php\/vermoegensplanung\/","title":{"rendered":"Verm\u00f6gensplanung"},"content":{"rendered":"<h1>Verm\u00f6gensPlanung<\/h1>\n<p>I<strong>n Zeiten staatlicher \u00dcberschuldungen, massiver Geldmengenexpansion, hoher Inflation bei immer noch niedrigen Guthabenzinsen sind Risiko-und Renditeaspekte vollkommen neu zu definieren. Aus einem vormals risikoarmen Zins wurde ein zinsarmes Risiko. <\/strong><\/p>\n<p><strong>Seri\u00f6se Verm\u00f6gensPlanung wird dadurch vielschichtiger, komplexer und aufkl\u00e4rungsintensiver. Wir bringen es f\u00fcr Sie auf den Punkt &#8211; \u00fcbersichtlich, verst\u00e4ndlich, nachvollziehbar und ganz pers\u00f6nlich.\u00a0<\/strong><\/p>\n<p style=\"text-align: right;\"><a href=\"https:\/\/www.institut-f\u00fcr-ruhestandsplanung.de\/index.php\/kontakt\/\"><strong><span style=\"color: #ff0000;\">Kontakt<\/span><\/strong><\/a><\/p>\n<p>Bei der Planung Ihrer pers\u00f6nlichen Anlagestrategie stehen Ihre individuellen Rahmenbedingungen und Ziele im Vordergrund. Gemeinsam mit Ihnen legen wir Schritt f\u00fcr Schritt fest, welche Anlageziele Ihren pers\u00f6nlichen Bed\u00fcrfnissen entsprechen.<\/p>\n<p><strong>Die Kernfragen bei der Verm\u00f6gensPlanung lauten:<\/strong><\/p>\n<ul class=\"aufzleft\">\n<li class=\"contentauszaehlung\">Welche Renditen sollen (oder m\u00fcssen) jeweils durchschnittlich f\u00fcr verschiedene definierte Zeitr\u00e4ume erreicht werden?<\/li>\n<li class=\"contentauszaehlung\">Welche Liquidit\u00e4t wird in welcher Zeitphase ben\u00f6tigt?<\/li>\n<li class=\"contentauszaehlung\">Welches Risiko-\/Chancenprofil ist f\u00fcr das Erreichen der individuell notwendigen Rendite und Liquidit\u00e4t auszuw\u00e4hlen?<\/li>\n<\/ul>\n<p>Aus diesen Fragestellungen wird deutlich, dass wir die Planung des Verm\u00f6gensaufbaus in unterschiedlich lange Zeitr\u00e4ume aufgliedern, mit jeweils unterschiedlichen Verf\u00fcgbarkeiten und Renditeerwartungen.<\/p>\n<p><a href=\"https:\/\/www.institut-f\u00fcr-ruhestandsplanung.de\/wp-content\/uploads\/2017\/01\/Kapitaloepfe-trans.png\" data-rel=\"lightbox-image-0\" data-rl_title=\"\" data-rl_caption=\"\" title=\"\"><img decoding=\"async\" loading=\"lazy\" class=\"alignnone wp-image-438\" src=\"https:\/\/www.institut-f\u00fcr-ruhestandsplanung.de\/wp-content\/uploads\/2017\/01\/Kapitaloepfe-trans.png\" alt=\"Strategische Verm\u00f6gensplanung f\u00fcr die Altersvorsorge\" width=\"700\" height=\"390\" srcset=\"https:\/\/www.institut-f\u00fcr-ruhestandsplanung.de\/wp-content\/uploads\/2017\/01\/Kapitaloepfe-trans.png 1100w, https:\/\/www.institut-f\u00fcr-ruhestandsplanung.de\/wp-content\/uploads\/2017\/01\/Kapitaloepfe-trans-300x167.png 300w, https:\/\/www.institut-f\u00fcr-ruhestandsplanung.de\/wp-content\/uploads\/2017\/01\/Kapitaloepfe-trans-768x428.png 768w, https:\/\/www.institut-f\u00fcr-ruhestandsplanung.de\/wp-content\/uploads\/2017\/01\/Kapitaloepfe-trans-1024x571.png 1024w\" sizes=\"(max-width: 700px) 100vw, 700px\" \/><\/a><\/p>\n<p>&nbsp;<\/p>\n<p>Zeit, Risikostruktur und Liquidit\u00e4t sind die Faktoren mit besonderer Beachtung, dem zur Folge legen wir bei der Verm\u00f6gensPlanung und -Konzeption gro\u00dfen Wert auf eine breite, weltweite und somit risikooptimale Streuung der Kapitalanlagen (Asset Allokation). Dabei werden einzelne Anlageklassen mit geringen Korrelationen so miteinander kombiniert, dass die Wertschwankung des Portfolios minimal wird. Sachwerte spielen dabei eine wichtige Rolle.<\/p>\n<p>Die Qualit\u00e4t des Investmentprozesses ist letztendlich entscheidend f\u00fcr die Entwicklung Ihres Anlageerfolges. Zu dessen kontinuierlicher und langfristiger Sicherung dient der Service mit permanenter \u00dcberpr\u00fcfung, Kontrolle, Optimierung, Rebalancing und Reporting. Automatisierte Risikomanagementsysteme sch\u00fctzen vor gro\u00dfen Verlusten. Ihr Portfolio bleibt so vor gro\u00dfen unerwarteten &#8222;Crashs&#8220; gesch\u00fctzt.<\/p>\n<p>\n<strong>Ziel der Verm\u00f6gensPlanung ist ein ma\u00dfgeschneidertes Anlagekonzept mit m\u00f6glichst geringem Portfoliorisiko bei gleichzeitiger Optimierung der Rendite.<\/strong><\/p>\n<p style=\"text-align: right;\"><a href=\"https:\/\/www.institut-f\u00fcr-ruhestandsplanung.de\/index.php\/kontakt\/\"><strong><span style=\"color: #ff0000;\">Kontakt<\/span><\/strong><\/a><\/p>\n<p>&nbsp;<\/p>\n","protected":false},"excerpt":{"rendered":"<p>Verm\u00f6gensPlanung In Zeiten staatlicher \u00dcberschuldungen, massiver Geldmengenexpansion, hoher Inflation bei immer noch niedrigen Guthabenzinsen sind Risiko-und Renditeaspekte vollkommen neu zu definieren. Aus einem vormals risikoarmen Zins wurde ein zinsarmes Risiko. Seri\u00f6se Verm\u00f6gensPlanung wird dadurch vielschichtiger, komplexer und aufkl\u00e4rungsintensiver. Wir bringen es f\u00fcr Sie auf den Punkt &#8211; \u00fcbersichtlich, verst\u00e4ndlich, nachvollziehbar und ganz pers\u00f6nlich.\u00a0 Kontakt Bei&nbsp;<\/p>\n<p><a class=\"btn btn-success btn-lg\" href=\"https:\/\/www.institut-f\u00fcr-ruhestandsplanung.de\/index.php\/vermoegensplanung\/\">Continue Reading &rarr;<\/a><\/p>\n","protected":false},"author":1,"featured_media":0,"parent":0,"menu_order":6,"comment_status":"closed","ping_status":"closed","template":"","meta":[],"yoast_head":"<!-- This site is optimized with the Yoast SEO plugin v19.13 - https:\/\/yoast.com\/wordpress\/plugins\/seo\/ -->\n<title>Verm\u00f6gensplanung - Institut f\u00fcr Ruhestandsplanung in M\u00fcnchen<\/title>\n<meta name=\"robots\" content=\"index, follow, max-snippet:-1, max-image-preview:large, max-video-preview:-1\" \/>\n<link rel=\"canonical\" href=\"https:\/\/www.institut-f\u00fcr-ruhestandsplanung.de\/index.php\/vermoegensplanung\/\" \/>\n<meta property=\"og:locale\" content=\"de_DE\" \/>\n<meta property=\"og:type\" content=\"article\" \/>\n<meta property=\"og:title\" content=\"Verm\u00f6gensplanung - Institut f\u00fcr Ruhestandsplanung in M\u00fcnchen\" \/>\n<meta property=\"og:description\" content=\"Verm\u00f6gensPlanung In Zeiten staatlicher \u00dcberschuldungen, massiver Geldmengenexpansion, hoher Inflation bei immer noch niedrigen Guthabenzinsen sind Risiko-und Renditeaspekte vollkommen neu zu definieren. Aus einem vormals risikoarmen Zins wurde ein zinsarmes Risiko. Seri\u00f6se Verm\u00f6gensPlanung wird dadurch vielschichtiger, komplexer und aufkl\u00e4rungsintensiver. Wir bringen es f\u00fcr Sie auf den Punkt &#8211; \u00fcbersichtlich, verst\u00e4ndlich, nachvollziehbar und ganz pers\u00f6nlich.\u00a0 Kontakt Bei&nbsp;Continue Reading &rarr;\" \/>\n<meta property=\"og:url\" content=\"https:\/\/www.institut-f\u00fcr-ruhestandsplanung.de\/index.php\/vermoegensplanung\/\" \/>\n<meta property=\"og:site_name\" content=\"Institut f\u00fcr Ruhestandsplanung in M\u00fcnchen\" \/>\n<meta property=\"article:modified_time\" content=\"2023-09-26T15:07:19+00:00\" \/>\n<meta name=\"twitter:card\" content=\"summary_large_image\" \/>\n<meta name=\"twitter:label1\" content=\"Gesch\u00e4tzte Lesezeit\" \/>\n\t<meta name=\"twitter:data1\" content=\"2\u00a0Minuten\" \/>\n<script type=\"application\/ld+json\" class=\"yoast-schema-graph\">{\"@context\":\"https:\/\/schema.org\",\"@graph\":[{\"@type\":\"WebPage\",\"@id\":\"https:\/\/www.institut-f\u00fcr-ruhestandsplanung.de\/index.php\/vermoegensplanung\/\",\"url\":\"https:\/\/www.institut-f\u00fcr-ruhestandsplanung.de\/index.php\/vermoegensplanung\/\",\"name\":\"Verm\u00f6gensplanung - Institut f\u00fcr Ruhestandsplanung in M\u00fcnchen\",\"isPartOf\":{\"@id\":\"https:\/\/www.institut-f\u00fcr-ruhestandsplanung.de\/index.php\/#website\"},\"datePublished\":\"2017-01-17T15:34:40+00:00\",\"dateModified\":\"2023-09-26T15:07:19+00:00\",\"breadcrumb\":{\"@id\":\"https:\/\/www.institut-f\u00fcr-ruhestandsplanung.de\/index.php\/vermoegensplanung\/#breadcrumb\"},\"inLanguage\":\"de\",\"potentialAction\":[{\"@type\":\"ReadAction\",\"target\":[\"https:\/\/www.institut-f\u00fcr-ruhestandsplanung.de\/index.php\/vermoegensplanung\/\"]}]},{\"@type\":\"BreadcrumbList\",\"@id\":\"https:\/\/www.institut-f\u00fcr-ruhestandsplanung.de\/index.php\/vermoegensplanung\/#breadcrumb\",\"itemListElement\":[{\"@type\":\"ListItem\",\"position\":1,\"name\":\"Startseite\",\"item\":\"https:\/\/www.institut-f\u00fcr-ruhestandsplanung.de\/index.php\/\"},{\"@type\":\"ListItem\",\"position\":2,\"name\":\"Verm\u00f6gensplanung\"}]},{\"@type\":\"WebSite\",\"@id\":\"https:\/\/www.institut-f\u00fcr-ruhestandsplanung.de\/index.php\/#website\",\"url\":\"https:\/\/www.institut-f\u00fcr-ruhestandsplanung.de\/index.php\/\",\"name\":\"Institut f\u00fcr Ruhestandsplanung in M\u00fcnchen\",\"description\":\"\",\"potentialAction\":[{\"@type\":\"SearchAction\",\"target\":{\"@type\":\"EntryPoint\",\"urlTemplate\":\"https:\/\/www.institut-f\u00fcr-ruhestandsplanung.de\/index.php\/?s={search_term_string}\"},\"query-input\":\"required name=search_term_string\"}],\"inLanguage\":\"de\"}]}<\/script>\n<!-- \/ Yoast SEO plugin. -->","yoast_head_json":{"title":"Verm\u00f6gensplanung - Institut f\u00fcr Ruhestandsplanung in M\u00fcnchen","robots":{"index":"index","follow":"follow","max-snippet":"max-snippet:-1","max-image-preview":"max-image-preview:large","max-video-preview":"max-video-preview:-1"},"canonical":"https:\/\/www.institut-f\u00fcr-ruhestandsplanung.de\/index.php\/vermoegensplanung\/","og_locale":"de_DE","og_type":"article","og_title":"Verm\u00f6gensplanung - Institut f\u00fcr Ruhestandsplanung in M\u00fcnchen","og_description":"Verm\u00f6gensPlanung In Zeiten staatlicher \u00dcberschuldungen, massiver Geldmengenexpansion, hoher Inflation bei immer noch niedrigen Guthabenzinsen sind Risiko-und Renditeaspekte vollkommen neu zu definieren. Aus einem vormals risikoarmen Zins wurde ein zinsarmes Risiko. Seri\u00f6se Verm\u00f6gensPlanung wird dadurch vielschichtiger, komplexer und aufkl\u00e4rungsintensiver. Wir bringen es f\u00fcr Sie auf den Punkt &#8211; \u00fcbersichtlich, verst\u00e4ndlich, nachvollziehbar und ganz pers\u00f6nlich.\u00a0 Kontakt Bei&nbsp;Continue Reading &rarr;","og_url":"https:\/\/www.institut-f\u00fcr-ruhestandsplanung.de\/index.php\/vermoegensplanung\/","og_site_name":"Institut f\u00fcr Ruhestandsplanung in M\u00fcnchen","article_modified_time":"2023-09-26T15:07:19+00:00","twitter_card":"summary_large_image","twitter_misc":{"Gesch\u00e4tzte Lesezeit":"2\u00a0Minuten"},"schema":{"@context":"https:\/\/schema.org","@graph":[{"@type":"WebPage","@id":"https:\/\/www.institut-f\u00fcr-ruhestandsplanung.de\/index.php\/vermoegensplanung\/","url":"https:\/\/www.institut-f\u00fcr-ruhestandsplanung.de\/index.php\/vermoegensplanung\/","name":"Verm\u00f6gensplanung - Institut f\u00fcr Ruhestandsplanung in M\u00fcnchen","isPartOf":{"@id":"https:\/\/www.institut-f\u00fcr-ruhestandsplanung.de\/index.php\/#website"},"datePublished":"2017-01-17T15:34:40+00:00","dateModified":"2023-09-26T15:07:19+00:00","breadcrumb":{"@id":"https:\/\/www.institut-f\u00fcr-ruhestandsplanung.de\/index.php\/vermoegensplanung\/#breadcrumb"},"inLanguage":"de","potentialAction":[{"@type":"ReadAction","target":["https:\/\/www.institut-f\u00fcr-ruhestandsplanung.de\/index.php\/vermoegensplanung\/"]}]},{"@type":"BreadcrumbList","@id":"https:\/\/www.institut-f\u00fcr-ruhestandsplanung.de\/index.php\/vermoegensplanung\/#breadcrumb","itemListElement":[{"@type":"ListItem","position":1,"name":"Startseite","item":"https:\/\/www.institut-f\u00fcr-ruhestandsplanung.de\/index.php\/"},{"@type":"ListItem","position":2,"name":"Verm\u00f6gensplanung"}]},{"@type":"WebSite","@id":"https:\/\/www.institut-f\u00fcr-ruhestandsplanung.de\/index.php\/#website","url":"https:\/\/www.institut-f\u00fcr-ruhestandsplanung.de\/index.php\/","name":"Institut f\u00fcr Ruhestandsplanung in M\u00fcnchen","description":"","potentialAction":[{"@type":"SearchAction","target":{"@type":"EntryPoint","urlTemplate":"https:\/\/www.institut-f\u00fcr-ruhestandsplanung.de\/index.php\/?s={search_term_string}"},"query-input":"required name=search_term_string"}],"inLanguage":"de"}]}},"_links":{"self":[{"href":"https:\/\/www.institut-f\u00fcr-ruhestandsplanung.de\/index.php\/wp-json\/wp\/v2\/pages\/35"}],"collection":[{"href":"https:\/\/www.institut-f\u00fcr-ruhestandsplanung.de\/index.php\/wp-json\/wp\/v2\/pages"}],"about":[{"href":"https:\/\/www.institut-f\u00fcr-ruhestandsplanung.de\/index.php\/wp-json\/wp\/v2\/types\/page"}],"author":[{"embeddable":true,"href":"https:\/\/www.institut-f\u00fcr-ruhestandsplanung.de\/index.php\/wp-json\/wp\/v2\/users\/1"}],"replies":[{"embeddable":true,"href":"https:\/\/www.institut-f\u00fcr-ruhestandsplanung.de\/index.php\/wp-json\/wp\/v2\/comments?post=35"}],"version-history":[{"count":42,"href":"https:\/\/www.institut-f\u00fcr-ruhestandsplanung.de\/index.php\/wp-json\/wp\/v2\/pages\/35\/revisions"}],"predecessor-version":[{"id":1090,"href":"https:\/\/www.institut-f\u00fcr-ruhestandsplanung.de\/index.php\/wp-json\/wp\/v2\/pages\/35\/revisions\/1090"}],"wp:attachment":[{"href":"https:\/\/www.institut-f\u00fcr-ruhestandsplanung.de\/index.php\/wp-json\/wp\/v2\/media?parent=35"}],"curies":[{"name":"wp","href":"https:\/\/api.w.org\/{rel}","templated":true}]}}