{"id":40,"date":"2017-01-17T16:40:05","date_gmt":"2017-01-17T15:40:05","guid":{"rendered":"http:\/\/www.institut-f\u00fcr-ruhestandsplanung.de\/?page_id=40"},"modified":"2024-07-09T08:52:44","modified_gmt":"2024-07-09T06:52:44","slug":"vorsorge-planung","status":"publish","type":"page","link":"https:\/\/www.institut-f\u00fcr-ruhestandsplanung.de\/index.php\/vorsorge-planung\/","title":{"rendered":"VorsorgePlanung"},"content":{"rendered":"<h1>VorsorgePlanung<\/h1>\n<p>Bei Ihrer pers\u00f6nlichen <strong>Risikovorsorge<\/strong> definieren wir mit Ihnen gemeinsam<strong> Ihre existenziellen Risiken<\/strong> und Gefahren, die den Weg zu Ihrer Zielerreichung negativ beeintr\u00e4chtigen k\u00f6nnen. Wir analysieren Ihre bisherigen Absicherungen (Versicherungscheck) in diesem Bereich, ob Sie Ihnen und Ihrer Familie in der derzeitigen Lebenssituation qualitativ und quantitativ gerecht werden. Dadurch wird ein m\u00f6glicher Anpassungs-&amp; Optimierungsbedarf konkretisiert.<\/p>\n<p>\nIm Bereich der Vorsorge unterst\u00fctzen wir Sie, rechtzeitig selbst zu bestimmen, wer Ihre eigenen Angelegenheiten regeln soll, wenn Sie dies aufgrund von Krankheit, Unfall oder Alter nicht mehr selbst erledigen k\u00f6nnen. Da weder der Ehepartner noch Verwandte Sie automatisch vertreten d\u00fcrfen und ein richterlich bestellter externer Betreuer sicher ausgeschlossen werden soll, bedarf es folgender formaler Dokumente mit korrekter Aufbewahrung.<\/p>\n<ul class=\"aufzleft\">\n<li><strong>Vorsorgevollmacht:<\/strong> Ist dringend anzuraten, da niemand f\u00fcr andere Personen automatisch vertretungsberechtigt ist. Das gilt z.B. auch f\u00fcr Ehepaare oder Lebensgemeinschaften untereinander.<\/li>\n<\/ul>\n<ul class=\"aufzleft\">\n<li><strong>Betreuungsverf\u00fcgung:<\/strong> Ist zu empfehlen und sollte immer Bestandteil einer Vorsorge-vollmacht sein. Es kann Situationen geben, in welchen der Bevollm\u00e4chtigte trotz erteilter Vorsorgevollmacht diese nicht aus\u00fcben kann.<\/li>\n<\/ul>\n<ul class=\"aufzleft\">\n<li><strong>Patientenverf\u00fcgung:<\/strong> Ist auf alle F\u00e4lle notwendig um Bevollm\u00e4chtigten und \u00c4rzten einen Leitfaden f\u00fcr die Entscheidung \u00fcber lebenserhaltende Ma\u00dfnahmen oder deren Ablehnung in genau definierten Situationen zu geben.<\/li>\n<\/ul>\n<ul class=\"aufzleft\">\n<li><strong>Sorgerechtsverf\u00fcgung:<\/strong> Ist unbedingt erforderlich um f\u00fcr minderj\u00e4hrige Kinder einen Vormund f\u00fcr den Fall zu benennen, dass die leiblichen Eltern das Sorgerecht nicht mehr aus\u00fcben k\u00f6nnen.<\/li>\n<\/ul>\n<ul class=\"aufzleft\">\n<li><strong>Testament:<\/strong> Unabh\u00e4ngig von der Familienkonstellation wollen viele Menschen schon zu Lebzeiten sicherstellen, dass ihr Verm\u00f6gen in die richtigen H\u00e4nde gelangt \u2013 und machen ihr Testament und ggf. einen<strong> Schenkungsvertrag<\/strong>. Dabei stellt sich nicht nur die Frage, wer was vererbt bzw. geschenkt bekommt, sondern auch wie die Verm\u00f6gensweitergabe steueroptimiert sichergestellt werden kann.<\/li>\n<\/ul>\n<ul class=\"aufzleft\">\n<li><strong>Unternehmervollmacht:<\/strong> Ist unerl\u00e4sslich, um den Fortbestand des Unternehmens zu gew\u00e4hrleisten und unternehmerischen Stillstand zu vermeiden. Wer kann und darf in Notsituationen das Unternehmen f\u00fchren und wissen dies die Familienangeh\u00f6rigen umf\u00e4nglich dr\u00fcber Bescheid<\/li>\n<\/ul>\n<p><a href=\"https:\/\/partner.deutschevorsorgedatenbank.com\/irp\/\"><span style=\"font-size: 14pt;\">Weiterer Informationen sowie Erkl\u00e4rvideos finde Sie<\/span><\/a><strong><span style=\"font-size: 14pt;\"> <a href=\"https:\/\/partner.deutschevorsorgedatenbank.com\/irp\/\">HIER.<\/a><\/span><\/strong><\/p>\n<p>Mit strategischer Planung und Beratung unterst\u00fctzen wir Sie im Vorfeld, dass Ihre Vorsorgew\u00fcnsche konkret umsetzbar werden.<\/p>\n<p>Unsere Kooperationen mit renommierten Anwaltskanzleien und Vorsorgedatenbanken gew\u00e4hren Ihnen Rechtssicherheit und rechtssicherer Verwahrung der Dokumente. Rahmenvereinbarungen bieten Ihnen erhebliche Preisvorteile gegen\u00fcber den individuellen Ausfertigungen von Anw\u00e4lten und Notaren.<\/p>\n<p style=\"text-align: right;\"><a href=\"https:\/\/www.institut-f\u00fcr-ruhestandsplanung.de\/index.php\/kontakt\/\"><span style=\"color: #ff0000;\"><strong>Kontakt<\/strong><\/span><\/a><\/p>\n<p>&nbsp;<\/p>\n<p>&nbsp;<\/p>\n<p>&nbsp;<\/p>\n","protected":false},"excerpt":{"rendered":"<p>VorsorgePlanung Bei Ihrer pers\u00f6nlichen Risikovorsorge definieren wir mit Ihnen gemeinsam Ihre existenziellen Risiken und Gefahren, die den Weg zu Ihrer Zielerreichung negativ beeintr\u00e4chtigen k\u00f6nnen. Wir analysieren Ihre bisherigen Absicherungen (Versicherungscheck) in diesem Bereich, ob Sie Ihnen und Ihrer Familie in der derzeitigen Lebenssituation qualitativ und quantitativ gerecht werden. Dadurch wird ein m\u00f6glicher Anpassungs-&amp; Optimierungsbedarf konkretisiert.&nbsp;<\/p>\n<p><a class=\"btn btn-success btn-lg\" href=\"https:\/\/www.institut-f\u00fcr-ruhestandsplanung.de\/index.php\/vorsorge-planung\/\">Continue Reading &rarr;<\/a><\/p>\n","protected":false},"author":1,"featured_media":0,"parent":0,"menu_order":7,"comment_status":"closed","ping_status":"closed","template":"","meta":[],"yoast_head":"<!-- This site is optimized with the Yoast SEO plugin v19.13 - https:\/\/yoast.com\/wordpress\/plugins\/seo\/ -->\n<title>VorsorgePlanung - Institut f\u00fcr Ruhestandsplanung in M\u00fcnchen<\/title>\n<meta name=\"robots\" content=\"index, follow, max-snippet:-1, max-image-preview:large, max-video-preview:-1\" \/>\n<link rel=\"canonical\" href=\"https:\/\/www.institut-f\u00fcr-ruhestandsplanung.de\/index.php\/vorsorge-planung\/\" \/>\n<meta property=\"og:locale\" content=\"de_DE\" \/>\n<meta property=\"og:type\" content=\"article\" \/>\n<meta property=\"og:title\" content=\"VorsorgePlanung - Institut f\u00fcr Ruhestandsplanung in M\u00fcnchen\" \/>\n<meta property=\"og:description\" content=\"VorsorgePlanung Bei Ihrer pers\u00f6nlichen Risikovorsorge definieren wir mit Ihnen gemeinsam Ihre existenziellen Risiken und Gefahren, die den Weg zu Ihrer Zielerreichung negativ beeintr\u00e4chtigen k\u00f6nnen. Wir analysieren Ihre bisherigen Absicherungen (Versicherungscheck) in diesem Bereich, ob Sie Ihnen und Ihrer Familie in der derzeitigen Lebenssituation qualitativ und quantitativ gerecht werden. Dadurch wird ein m\u00f6glicher Anpassungs-&amp; Optimierungsbedarf konkretisiert.&nbsp;Continue Reading &rarr;\" \/>\n<meta property=\"og:url\" content=\"https:\/\/www.institut-f\u00fcr-ruhestandsplanung.de\/index.php\/vorsorge-planung\/\" \/>\n<meta property=\"og:site_name\" content=\"Institut f\u00fcr Ruhestandsplanung in M\u00fcnchen\" \/>\n<meta property=\"article:modified_time\" content=\"2024-07-09T06:52:44+00:00\" \/>\n<meta name=\"twitter:card\" content=\"summary_large_image\" \/>\n<meta name=\"twitter:label1\" content=\"Gesch\u00e4tzte Lesezeit\" \/>\n\t<meta name=\"twitter:data1\" content=\"2\u00a0Minuten\" \/>\n<script type=\"application\/ld+json\" class=\"yoast-schema-graph\">{\"@context\":\"https:\/\/schema.org\",\"@graph\":[{\"@type\":\"WebPage\",\"@id\":\"https:\/\/www.institut-f\u00fcr-ruhestandsplanung.de\/index.php\/vorsorge-planung\/\",\"url\":\"https:\/\/www.institut-f\u00fcr-ruhestandsplanung.de\/index.php\/vorsorge-planung\/\",\"name\":\"VorsorgePlanung - Institut f\u00fcr Ruhestandsplanung in M\u00fcnchen\",\"isPartOf\":{\"@id\":\"https:\/\/www.institut-f\u00fcr-ruhestandsplanung.de\/index.php\/#website\"},\"datePublished\":\"2017-01-17T15:40:05+00:00\",\"dateModified\":\"2024-07-09T06:52:44+00:00\",\"breadcrumb\":{\"@id\":\"https:\/\/www.institut-f\u00fcr-ruhestandsplanung.de\/index.php\/vorsorge-planung\/#breadcrumb\"},\"inLanguage\":\"de\",\"potentialAction\":[{\"@type\":\"ReadAction\",\"target\":[\"https:\/\/www.institut-f\u00fcr-ruhestandsplanung.de\/index.php\/vorsorge-planung\/\"]}]},{\"@type\":\"BreadcrumbList\",\"@id\":\"https:\/\/www.institut-f\u00fcr-ruhestandsplanung.de\/index.php\/vorsorge-planung\/#breadcrumb\",\"itemListElement\":[{\"@type\":\"ListItem\",\"position\":1,\"name\":\"Startseite\",\"item\":\"https:\/\/www.institut-f\u00fcr-ruhestandsplanung.de\/index.php\/\"},{\"@type\":\"ListItem\",\"position\":2,\"name\":\"VorsorgePlanung\"}]},{\"@type\":\"WebSite\",\"@id\":\"https:\/\/www.institut-f\u00fcr-ruhestandsplanung.de\/index.php\/#website\",\"url\":\"https:\/\/www.institut-f\u00fcr-ruhestandsplanung.de\/index.php\/\",\"name\":\"Institut f\u00fcr Ruhestandsplanung in M\u00fcnchen\",\"description\":\"\",\"potentialAction\":[{\"@type\":\"SearchAction\",\"target\":{\"@type\":\"EntryPoint\",\"urlTemplate\":\"https:\/\/www.institut-f\u00fcr-ruhestandsplanung.de\/index.php\/?s={search_term_string}\"},\"query-input\":\"required name=search_term_string\"}],\"inLanguage\":\"de\"}]}<\/script>\n<!-- \/ Yoast SEO plugin. -->","yoast_head_json":{"title":"VorsorgePlanung - Institut f\u00fcr Ruhestandsplanung in M\u00fcnchen","robots":{"index":"index","follow":"follow","max-snippet":"max-snippet:-1","max-image-preview":"max-image-preview:large","max-video-preview":"max-video-preview:-1"},"canonical":"https:\/\/www.institut-f\u00fcr-ruhestandsplanung.de\/index.php\/vorsorge-planung\/","og_locale":"de_DE","og_type":"article","og_title":"VorsorgePlanung - Institut f\u00fcr Ruhestandsplanung in M\u00fcnchen","og_description":"VorsorgePlanung Bei Ihrer pers\u00f6nlichen Risikovorsorge definieren wir mit Ihnen gemeinsam Ihre existenziellen Risiken und Gefahren, die den Weg zu Ihrer Zielerreichung negativ beeintr\u00e4chtigen k\u00f6nnen. Wir analysieren Ihre bisherigen Absicherungen (Versicherungscheck) in diesem Bereich, ob Sie Ihnen und Ihrer Familie in der derzeitigen Lebenssituation qualitativ und quantitativ gerecht werden. Dadurch wird ein m\u00f6glicher Anpassungs-&amp; Optimierungsbedarf konkretisiert.&nbsp;Continue Reading &rarr;","og_url":"https:\/\/www.institut-f\u00fcr-ruhestandsplanung.de\/index.php\/vorsorge-planung\/","og_site_name":"Institut f\u00fcr Ruhestandsplanung in M\u00fcnchen","article_modified_time":"2024-07-09T06:52:44+00:00","twitter_card":"summary_large_image","twitter_misc":{"Gesch\u00e4tzte Lesezeit":"2\u00a0Minuten"},"schema":{"@context":"https:\/\/schema.org","@graph":[{"@type":"WebPage","@id":"https:\/\/www.institut-f\u00fcr-ruhestandsplanung.de\/index.php\/vorsorge-planung\/","url":"https:\/\/www.institut-f\u00fcr-ruhestandsplanung.de\/index.php\/vorsorge-planung\/","name":"VorsorgePlanung - Institut f\u00fcr Ruhestandsplanung in M\u00fcnchen","isPartOf":{"@id":"https:\/\/www.institut-f\u00fcr-ruhestandsplanung.de\/index.php\/#website"},"datePublished":"2017-01-17T15:40:05+00:00","dateModified":"2024-07-09T06:52:44+00:00","breadcrumb":{"@id":"https:\/\/www.institut-f\u00fcr-ruhestandsplanung.de\/index.php\/vorsorge-planung\/#breadcrumb"},"inLanguage":"de","potentialAction":[{"@type":"ReadAction","target":["https:\/\/www.institut-f\u00fcr-ruhestandsplanung.de\/index.php\/vorsorge-planung\/"]}]},{"@type":"BreadcrumbList","@id":"https:\/\/www.institut-f\u00fcr-ruhestandsplanung.de\/index.php\/vorsorge-planung\/#breadcrumb","itemListElement":[{"@type":"ListItem","position":1,"name":"Startseite","item":"https:\/\/www.institut-f\u00fcr-ruhestandsplanung.de\/index.php\/"},{"@type":"ListItem","position":2,"name":"VorsorgePlanung"}]},{"@type":"WebSite","@id":"https:\/\/www.institut-f\u00fcr-ruhestandsplanung.de\/index.php\/#website","url":"https:\/\/www.institut-f\u00fcr-ruhestandsplanung.de\/index.php\/","name":"Institut f\u00fcr Ruhestandsplanung in M\u00fcnchen","description":"","potentialAction":[{"@type":"SearchAction","target":{"@type":"EntryPoint","urlTemplate":"https:\/\/www.institut-f\u00fcr-ruhestandsplanung.de\/index.php\/?s={search_term_string}"},"query-input":"required name=search_term_string"}],"inLanguage":"de"}]}},"_links":{"self":[{"href":"https:\/\/www.institut-f\u00fcr-ruhestandsplanung.de\/index.php\/wp-json\/wp\/v2\/pages\/40"}],"collection":[{"href":"https:\/\/www.institut-f\u00fcr-ruhestandsplanung.de\/index.php\/wp-json\/wp\/v2\/pages"}],"about":[{"href":"https:\/\/www.institut-f\u00fcr-ruhestandsplanung.de\/index.php\/wp-json\/wp\/v2\/types\/page"}],"author":[{"embeddable":true,"href":"https:\/\/www.institut-f\u00fcr-ruhestandsplanung.de\/index.php\/wp-json\/wp\/v2\/users\/1"}],"replies":[{"embeddable":true,"href":"https:\/\/www.institut-f\u00fcr-ruhestandsplanung.de\/index.php\/wp-json\/wp\/v2\/comments?post=40"}],"version-history":[{"count":17,"href":"https:\/\/www.institut-f\u00fcr-ruhestandsplanung.de\/index.php\/wp-json\/wp\/v2\/pages\/40\/revisions"}],"predecessor-version":[{"id":1115,"href":"https:\/\/www.institut-f\u00fcr-ruhestandsplanung.de\/index.php\/wp-json\/wp\/v2\/pages\/40\/revisions\/1115"}],"wp:attachment":[{"href":"https:\/\/www.institut-f\u00fcr-ruhestandsplanung.de\/index.php\/wp-json\/wp\/v2\/media?parent=40"}],"curies":[{"name":"wp","href":"https:\/\/api.w.org\/{rel}","templated":true}]}}