{"id":44,"date":"2017-01-17T16:46:11","date_gmt":"2017-01-17T15:46:11","guid":{"rendered":"http:\/\/www.institut-f\u00fcr-ruhestandsplanung.de\/?page_id=44"},"modified":"2017-03-01T13:39:58","modified_gmt":"2017-03-01T12:39:58","slug":"ueber-das-institut","status":"publish","type":"page","link":"https:\/\/www.institut-f\u00fcr-ruhestandsplanung.de\/index.php\/ueber-das-institut\/","title":{"rendered":"\u00dcber das Institut"},"content":{"rendered":"<h1>\u00dcber das Institut<\/h1>\n<p>Das Institut f\u00fcr RuhestandsPlanung wird in privater Rechtsform gef\u00fchrt und steht daher f\u00fcr absolute Unabh\u00e4ngigkeit. Die rechtliche Vertretung liegt bei der <a href=\"\/gernot-arendt\/\">Gesch\u00e4ftsf\u00fchrung<\/a>.<\/p>\n<p>Die Aufgaben des Instituts f\u00fcr RuhestandsPlanung bestehen in der Aufkl\u00e4rung, Beratung, Konzeption und fortlaufender Betreuung bei den Kernthemen Altersvorsorge, Verm\u00f6gensaufbau, Risiko- &amp; Nachlassvorsorge.<\/p>\n<p>Die Dienstleistungen des Instituts werden von Privatpersonen und Unternehmen sowie von Verm\u00f6gensverwaltern, Family Offices, Steuerberatern und Anw\u00e4lten mittelbar f\u00fcr deren Kunden in Anspruch genommen werden.<\/p>\n<p>Zur Anfrage f\u00fcr ein <strong>individuelles kostenloses Erstgespr\u00e4ch<\/strong>\u00a0 klicken Sie bitte <a href=\"https:\/\/www.institut-f\u00fcr-ruhestandsplanung.de\/index.php\/kontakt\/\">hier<\/a>.<\/p>\n<p><a href=\"https:\/\/www.institut-f\u00fcr-ruhestandsplanung.de\/kontakt\/\"><img decoding=\"async\" loading=\"lazy\" class=\"alignright wp-image-188 size-full\" src=\"https:\/\/www.institut-f\u00fcr-ruhestandsplanung.de\/wp-content\/uploads\/2017\/01\/Neues-Bild.png\" width=\"180\" height=\"241\" \/><\/a>Basis unserer Dienstleistungen sind empirische Erhebungen, Studien, Analysen, Research und Evaluationen, deren Ergebnisse direkt in die Praxis eingebracht werden. Ein Netzwerk erfahrener Experten verschiedener Fachrichtungen steht dem Institut in enger Kooperation zur Verf\u00fcgung, wodurch zeitnah umsetzbare Konzepte und L\u00f6sungen f\u00fcr unsere Mandanten entwickelt werden.<\/p>\n<p>Das Institut f\u00fcr RuhestandsPlanung kooperiert mit Universit\u00e4ten, Hochschulen, Forschungsinstituten, Verb\u00e4nden und weiteren Partnern.<\/p>\n<p>In diesem Zusammenhang wurde an unserem Institut eine wissenschaftliche Arbeit f\u00fcr den renommierten Prof. Peter Bofinger (Wirtschaftsweiser und Mitglied des Sachverst\u00e4ndigenrates der Bundesregierung) verfasst, mit dem Thema &#8222;Die staatlich gef\u00f6rderte Altersvorsorge&#8220;. Diese mit &#8222;summa cum laude&#8220; bewertete Arbeit ist auch als Buch erschienen und als E-Book bei uns erh\u00e4ltlich (<a href=\"https:\/\/www.institut-f\u00fcr-ruhestandsplanung.de\/kontakt\/\">Anforderung hier<\/a>).<\/p>\n<p>Die F\u00f6rderung von Innovation, Aus-, Fort- und Weiterbildung sowie Nachhaltigkeit sind wichtige Leitlinien unserer Arbeit. Als Mitglied im Bundesverband der RuhestandsPlaner Deutschland e.V. (BDRD) werden unsere Sachverst\u00e4ndigen und Berater nach strengen Richtlinien j\u00e4hrlich nachzertifiziert.<\/p>\n<p><img decoding=\"async\" loading=\"lazy\" class=\"alignnone  wp-image-217\" src=\"https:\/\/www.institut-f\u00fcr-ruhestandsplanung.de\/wp-content\/uploads\/2017\/01\/bdrd-trans-160.png\" alt=\"\" width=\"147\" height=\"86\" \/><\/p>\n<p>&nbsp;<\/p>\n","protected":false},"excerpt":{"rendered":"<p>\u00dcber das Institut Das Institut f\u00fcr RuhestandsPlanung wird in privater Rechtsform gef\u00fchrt und steht daher f\u00fcr absolute Unabh\u00e4ngigkeit. Die rechtliche Vertretung liegt bei der Gesch\u00e4ftsf\u00fchrung. Die Aufgaben des Instituts f\u00fcr RuhestandsPlanung bestehen in der Aufkl\u00e4rung, Beratung, Konzeption und fortlaufender Betreuung bei den Kernthemen Altersvorsorge, Verm\u00f6gensaufbau, Risiko- &amp; Nachlassvorsorge. Die Dienstleistungen des Instituts werden von Privatpersonen&nbsp;<\/p>\n<p><a class=\"btn btn-success btn-lg\" href=\"https:\/\/www.institut-f\u00fcr-ruhestandsplanung.de\/index.php\/ueber-das-institut\/\">Continue Reading &rarr;<\/a><\/p>\n","protected":false},"author":1,"featured_media":0,"parent":0,"menu_order":8,"comment_status":"closed","ping_status":"closed","template":"","meta":[],"yoast_head":"<!-- This site is optimized with the Yoast SEO plugin v19.13 - https:\/\/yoast.com\/wordpress\/plugins\/seo\/ -->\n<title>\u00dcber das Institut - Institut f\u00fcr Ruhestandsplanung in M\u00fcnchen<\/title>\n<meta name=\"robots\" content=\"index, follow, max-snippet:-1, max-image-preview:large, max-video-preview:-1\" \/>\n<link rel=\"canonical\" href=\"https:\/\/www.institut-f\u00fcr-ruhestandsplanung.de\/index.php\/ueber-das-institut\/\" \/>\n<meta property=\"og:locale\" content=\"de_DE\" \/>\n<meta property=\"og:type\" content=\"article\" \/>\n<meta property=\"og:title\" content=\"\u00dcber das Institut - Institut f\u00fcr Ruhestandsplanung in M\u00fcnchen\" \/>\n<meta property=\"og:description\" content=\"\u00dcber das Institut Das Institut f\u00fcr RuhestandsPlanung wird in privater Rechtsform gef\u00fchrt und steht daher f\u00fcr absolute Unabh\u00e4ngigkeit. Die rechtliche Vertretung liegt bei der Gesch\u00e4ftsf\u00fchrung. Die Aufgaben des Instituts f\u00fcr RuhestandsPlanung bestehen in der Aufkl\u00e4rung, Beratung, Konzeption und fortlaufender Betreuung bei den Kernthemen Altersvorsorge, Verm\u00f6gensaufbau, Risiko- &amp; Nachlassvorsorge. Die Dienstleistungen des Instituts werden von Privatpersonen&nbsp;Continue Reading &rarr;\" \/>\n<meta property=\"og:url\" content=\"https:\/\/www.institut-f\u00fcr-ruhestandsplanung.de\/index.php\/ueber-das-institut\/\" \/>\n<meta property=\"og:site_name\" content=\"Institut f\u00fcr Ruhestandsplanung in M\u00fcnchen\" \/>\n<meta property=\"article:modified_time\" content=\"2017-03-01T12:39:58+00:00\" \/>\n<meta property=\"og:image\" content=\"https:\/\/www.institut-f\u00fcr-ruhestandsplanung.de\/wp-content\/uploads\/2017\/01\/Neues-Bild.png\" \/>\n<meta name=\"twitter:card\" content=\"summary_large_image\" \/>\n<meta name=\"twitter:label1\" content=\"Gesch\u00e4tzte Lesezeit\" \/>\n\t<meta name=\"twitter:data1\" content=\"1\u00a0Minute\" \/>\n<script type=\"application\/ld+json\" class=\"yoast-schema-graph\">{\"@context\":\"https:\/\/schema.org\",\"@graph\":[{\"@type\":\"WebPage\",\"@id\":\"https:\/\/www.institut-f\u00fcr-ruhestandsplanung.de\/index.php\/ueber-das-institut\/\",\"url\":\"https:\/\/www.institut-f\u00fcr-ruhestandsplanung.de\/index.php\/ueber-das-institut\/\",\"name\":\"\u00dcber das Institut - Institut f\u00fcr Ruhestandsplanung in M\u00fcnchen\",\"isPartOf\":{\"@id\":\"https:\/\/www.institut-f\u00fcr-ruhestandsplanung.de\/index.php\/#website\"},\"datePublished\":\"2017-01-17T15:46:11+00:00\",\"dateModified\":\"2017-03-01T12:39:58+00:00\",\"breadcrumb\":{\"@id\":\"https:\/\/www.institut-f\u00fcr-ruhestandsplanung.de\/index.php\/ueber-das-institut\/#breadcrumb\"},\"inLanguage\":\"de\",\"potentialAction\":[{\"@type\":\"ReadAction\",\"target\":[\"https:\/\/www.institut-f\u00fcr-ruhestandsplanung.de\/index.php\/ueber-das-institut\/\"]}]},{\"@type\":\"BreadcrumbList\",\"@id\":\"https:\/\/www.institut-f\u00fcr-ruhestandsplanung.de\/index.php\/ueber-das-institut\/#breadcrumb\",\"itemListElement\":[{\"@type\":\"ListItem\",\"position\":1,\"name\":\"Startseite\",\"item\":\"https:\/\/www.institut-f\u00fcr-ruhestandsplanung.de\/index.php\/\"},{\"@type\":\"ListItem\",\"position\":2,\"name\":\"\u00dcber das Institut\"}]},{\"@type\":\"WebSite\",\"@id\":\"https:\/\/www.institut-f\u00fcr-ruhestandsplanung.de\/index.php\/#website\",\"url\":\"https:\/\/www.institut-f\u00fcr-ruhestandsplanung.de\/index.php\/\",\"name\":\"Institut f\u00fcr Ruhestandsplanung in M\u00fcnchen\",\"description\":\"\",\"potentialAction\":[{\"@type\":\"SearchAction\",\"target\":{\"@type\":\"EntryPoint\",\"urlTemplate\":\"https:\/\/www.institut-f\u00fcr-ruhestandsplanung.de\/index.php\/?s={search_term_string}\"},\"query-input\":\"required name=search_term_string\"}],\"inLanguage\":\"de\"}]}<\/script>\n<!-- \/ Yoast SEO plugin. -->","yoast_head_json":{"title":"\u00dcber das Institut - Institut f\u00fcr Ruhestandsplanung in M\u00fcnchen","robots":{"index":"index","follow":"follow","max-snippet":"max-snippet:-1","max-image-preview":"max-image-preview:large","max-video-preview":"max-video-preview:-1"},"canonical":"https:\/\/www.institut-f\u00fcr-ruhestandsplanung.de\/index.php\/ueber-das-institut\/","og_locale":"de_DE","og_type":"article","og_title":"\u00dcber das Institut - Institut f\u00fcr Ruhestandsplanung in M\u00fcnchen","og_description":"\u00dcber das Institut Das Institut f\u00fcr RuhestandsPlanung wird in privater Rechtsform gef\u00fchrt und steht daher f\u00fcr absolute Unabh\u00e4ngigkeit. Die rechtliche Vertretung liegt bei der Gesch\u00e4ftsf\u00fchrung. Die Aufgaben des Instituts f\u00fcr RuhestandsPlanung bestehen in der Aufkl\u00e4rung, Beratung, Konzeption und fortlaufender Betreuung bei den Kernthemen Altersvorsorge, Verm\u00f6gensaufbau, Risiko- &amp; Nachlassvorsorge. Die Dienstleistungen des Instituts werden von Privatpersonen&nbsp;Continue Reading &rarr;","og_url":"https:\/\/www.institut-f\u00fcr-ruhestandsplanung.de\/index.php\/ueber-das-institut\/","og_site_name":"Institut f\u00fcr Ruhestandsplanung in M\u00fcnchen","article_modified_time":"2017-03-01T12:39:58+00:00","og_image":[{"url":"https:\/\/www.institut-f\u00fcr-ruhestandsplanung.de\/wp-content\/uploads\/2017\/01\/Neues-Bild.png"}],"twitter_card":"summary_large_image","twitter_misc":{"Gesch\u00e4tzte Lesezeit":"1\u00a0Minute"},"schema":{"@context":"https:\/\/schema.org","@graph":[{"@type":"WebPage","@id":"https:\/\/www.institut-f\u00fcr-ruhestandsplanung.de\/index.php\/ueber-das-institut\/","url":"https:\/\/www.institut-f\u00fcr-ruhestandsplanung.de\/index.php\/ueber-das-institut\/","name":"\u00dcber das Institut - Institut f\u00fcr Ruhestandsplanung in M\u00fcnchen","isPartOf":{"@id":"https:\/\/www.institut-f\u00fcr-ruhestandsplanung.de\/index.php\/#website"},"datePublished":"2017-01-17T15:46:11+00:00","dateModified":"2017-03-01T12:39:58+00:00","breadcrumb":{"@id":"https:\/\/www.institut-f\u00fcr-ruhestandsplanung.de\/index.php\/ueber-das-institut\/#breadcrumb"},"inLanguage":"de","potentialAction":[{"@type":"ReadAction","target":["https:\/\/www.institut-f\u00fcr-ruhestandsplanung.de\/index.php\/ueber-das-institut\/"]}]},{"@type":"BreadcrumbList","@id":"https:\/\/www.institut-f\u00fcr-ruhestandsplanung.de\/index.php\/ueber-das-institut\/#breadcrumb","itemListElement":[{"@type":"ListItem","position":1,"name":"Startseite","item":"https:\/\/www.institut-f\u00fcr-ruhestandsplanung.de\/index.php\/"},{"@type":"ListItem","position":2,"name":"\u00dcber das Institut"}]},{"@type":"WebSite","@id":"https:\/\/www.institut-f\u00fcr-ruhestandsplanung.de\/index.php\/#website","url":"https:\/\/www.institut-f\u00fcr-ruhestandsplanung.de\/index.php\/","name":"Institut f\u00fcr Ruhestandsplanung in M\u00fcnchen","description":"","potentialAction":[{"@type":"SearchAction","target":{"@type":"EntryPoint","urlTemplate":"https:\/\/www.institut-f\u00fcr-ruhestandsplanung.de\/index.php\/?s={search_term_string}"},"query-input":"required name=search_term_string"}],"inLanguage":"de"}]}},"_links":{"self":[{"href":"https:\/\/www.institut-f\u00fcr-ruhestandsplanung.de\/index.php\/wp-json\/wp\/v2\/pages\/44"}],"collection":[{"href":"https:\/\/www.institut-f\u00fcr-ruhestandsplanung.de\/index.php\/wp-json\/wp\/v2\/pages"}],"about":[{"href":"https:\/\/www.institut-f\u00fcr-ruhestandsplanung.de\/index.php\/wp-json\/wp\/v2\/types\/page"}],"author":[{"embeddable":true,"href":"https:\/\/www.institut-f\u00fcr-ruhestandsplanung.de\/index.php\/wp-json\/wp\/v2\/users\/1"}],"replies":[{"embeddable":true,"href":"https:\/\/www.institut-f\u00fcr-ruhestandsplanung.de\/index.php\/wp-json\/wp\/v2\/comments?post=44"}],"version-history":[{"count":31,"href":"https:\/\/www.institut-f\u00fcr-ruhestandsplanung.de\/index.php\/wp-json\/wp\/v2\/pages\/44\/revisions"}],"predecessor-version":[{"id":623,"href":"https:\/\/www.institut-f\u00fcr-ruhestandsplanung.de\/index.php\/wp-json\/wp\/v2\/pages\/44\/revisions\/623"}],"wp:attachment":[{"href":"https:\/\/www.institut-f\u00fcr-ruhestandsplanung.de\/index.php\/wp-json\/wp\/v2\/media?parent=44"}],"curies":[{"name":"wp","href":"https:\/\/api.w.org\/{rel}","templated":true}]}}