{"id":48,"date":"2017-01-17T16:48:01","date_gmt":"2017-01-17T15:48:01","guid":{"rendered":"http:\/\/www.institut-f\u00fcr-ruhestandsplanung.de\/?page_id=48"},"modified":"2020-03-30T15:08:10","modified_gmt":"2020-03-30T13:08:10","slug":"karriere","status":"publish","type":"page","link":"https:\/\/www.institut-f\u00fcr-ruhestandsplanung.de\/index.php\/karriere\/","title":{"rendered":"Karriere"},"content":{"rendered":"<h1>Karriere<\/h1>\n<p>Immer mehr Menschen suchen objektiven und unabh\u00e4ngigen Rat f\u00fcr die Sicherung Ihres Verm\u00f6gens und f\u00fcr die Vorsorge v.a. f\u00fcr den Ruhestand. Das Institut f\u00fcr RuhestandsPlanung wird daher weiter wachsen, mit engagierten Mitartbeitern, Partnern und auch mit Repr\u00e4sentanzen an diversen Standorten in Deutschland.<\/p>\n<p>Wir bieten daher die Ausbildung zum <strong><em>&#8222;Sachverts\u00e4ndingen f\u00fcr Ruhestands- &amp; VorsorgePlanung&#8220;<\/em><\/strong> an.<\/p>\n<p>In Kooperation mit dem staatlich anerkannten Bildungsinstitut <strong>&#8222;<a href=\"https:\/\/www.byquality-academy.de\/\">byQuality-Academy<\/a>&#8220; <\/strong>findet die Ausbildung in einem <a href=\"https:\/\/www.byquality-elearningkurse.de\/kurse\/ruhestands-und-vorsorgeplanung\/39\/\"><strong>ISO-zertifizeirten E-Learning-Kurs<\/strong><\/a> statt. Somit ist keine Pr\u00e4senz notwendig. Innerhalb von jeweils drei Monaten sind\u00a0 Lern-Module und theoretische Abschlu\u00dfpr\u00fcfung online zu absolvieren. F\u00fcr die praktische Fachpr\u00fcfung sind 1,5 Tage notwendig.<\/p>\n<p>Nach bestandener Pr\u00fcfung ist die Er\u00f6ffnung und \u00dcbernahme einer <strong>Repr\u00e4sentanzleitung des Instituts<\/strong> an verschiedenen Standorten in Deutschland m\u00f6glich. F\u00fcr den jeweiligen Standort bestehen verschiedenen Auswahlm\u00f6gkichkeiten.<\/p>\n<p>Zum Kursangebot gehts <a href=\"https:\/\/www.byquality-elearningkurse.de\/kurse\/ruhestands-und-vorsorgeplanung\/39\/\"><strong>hier<\/strong><\/a>!<\/p>\n<p>F\u00fcr weitere Fragen nehmen Sie geren mit uns Kontakt auf:<\/p>\n<p>089-78060861 | info@irp-institut.de<\/p>\n<p>&nbsp;<\/p>\n<p>&nbsp;<\/p>\n","protected":false},"excerpt":{"rendered":"<p>Karriere Immer mehr Menschen suchen objektiven und unabh\u00e4ngigen Rat f\u00fcr die Sicherung Ihres Verm\u00f6gens und f\u00fcr die Vorsorge v.a. f\u00fcr den Ruhestand. Das Institut f\u00fcr RuhestandsPlanung wird daher weiter wachsen, mit engagierten Mitartbeitern, Partnern und auch mit Repr\u00e4sentanzen an diversen Standorten in Deutschland. Wir bieten daher die Ausbildung zum &#8222;Sachverts\u00e4ndingen f\u00fcr Ruhestands- &amp; VorsorgePlanung&#8220; an.&nbsp;<\/p>\n<p><a class=\"btn btn-success btn-lg\" href=\"https:\/\/www.institut-f\u00fcr-ruhestandsplanung.de\/index.php\/karriere\/\">Continue Reading &rarr;<\/a><\/p>\n","protected":false},"author":1,"featured_media":0,"parent":0,"menu_order":11,"comment_status":"closed","ping_status":"closed","template":"","meta":[],"yoast_head":"<!-- This site is optimized with the Yoast SEO plugin v19.13 - https:\/\/yoast.com\/wordpress\/plugins\/seo\/ -->\n<title>Karriere - Institut f\u00fcr Ruhestandsplanung in M\u00fcnchen<\/title>\n<meta name=\"robots\" content=\"index, follow, max-snippet:-1, max-image-preview:large, max-video-preview:-1\" \/>\n<link rel=\"canonical\" href=\"https:\/\/www.institut-f\u00fcr-ruhestandsplanung.de\/index.php\/karriere\/\" \/>\n<meta property=\"og:locale\" content=\"de_DE\" \/>\n<meta property=\"og:type\" content=\"article\" \/>\n<meta property=\"og:title\" content=\"Karriere - Institut f\u00fcr Ruhestandsplanung in M\u00fcnchen\" \/>\n<meta property=\"og:description\" content=\"Karriere Immer mehr Menschen suchen objektiven und unabh\u00e4ngigen Rat f\u00fcr die Sicherung Ihres Verm\u00f6gens und f\u00fcr die Vorsorge v.a. f\u00fcr den Ruhestand. Das Institut f\u00fcr RuhestandsPlanung wird daher weiter wachsen, mit engagierten Mitartbeitern, Partnern und auch mit Repr\u00e4sentanzen an diversen Standorten in Deutschland. Wir bieten daher die Ausbildung zum &#8222;Sachverts\u00e4ndingen f\u00fcr Ruhestands- &amp; VorsorgePlanung&#8220; an.&nbsp;Continue Reading &rarr;\" \/>\n<meta property=\"og:url\" content=\"https:\/\/www.institut-f\u00fcr-ruhestandsplanung.de\/index.php\/karriere\/\" \/>\n<meta property=\"og:site_name\" content=\"Institut f\u00fcr Ruhestandsplanung in M\u00fcnchen\" \/>\n<meta property=\"article:modified_time\" content=\"2020-03-30T13:08:10+00:00\" \/>\n<meta name=\"twitter:card\" content=\"summary_large_image\" \/>\n<meta name=\"twitter:label1\" content=\"Gesch\u00e4tzte Lesezeit\" \/>\n\t<meta name=\"twitter:data1\" content=\"1\u00a0Minute\" \/>\n<script type=\"application\/ld+json\" class=\"yoast-schema-graph\">{\"@context\":\"https:\/\/schema.org\",\"@graph\":[{\"@type\":\"WebPage\",\"@id\":\"https:\/\/www.institut-f\u00fcr-ruhestandsplanung.de\/index.php\/karriere\/\",\"url\":\"https:\/\/www.institut-f\u00fcr-ruhestandsplanung.de\/index.php\/karriere\/\",\"name\":\"Karriere - Institut f\u00fcr Ruhestandsplanung in M\u00fcnchen\",\"isPartOf\":{\"@id\":\"https:\/\/www.institut-f\u00fcr-ruhestandsplanung.de\/index.php\/#website\"},\"datePublished\":\"2017-01-17T15:48:01+00:00\",\"dateModified\":\"2020-03-30T13:08:10+00:00\",\"breadcrumb\":{\"@id\":\"https:\/\/www.institut-f\u00fcr-ruhestandsplanung.de\/index.php\/karriere\/#breadcrumb\"},\"inLanguage\":\"de\",\"potentialAction\":[{\"@type\":\"ReadAction\",\"target\":[\"https:\/\/www.institut-f\u00fcr-ruhestandsplanung.de\/index.php\/karriere\/\"]}]},{\"@type\":\"BreadcrumbList\",\"@id\":\"https:\/\/www.institut-f\u00fcr-ruhestandsplanung.de\/index.php\/karriere\/#breadcrumb\",\"itemListElement\":[{\"@type\":\"ListItem\",\"position\":1,\"name\":\"Startseite\",\"item\":\"https:\/\/www.institut-f\u00fcr-ruhestandsplanung.de\/index.php\/\"},{\"@type\":\"ListItem\",\"position\":2,\"name\":\"Karriere\"}]},{\"@type\":\"WebSite\",\"@id\":\"https:\/\/www.institut-f\u00fcr-ruhestandsplanung.de\/index.php\/#website\",\"url\":\"https:\/\/www.institut-f\u00fcr-ruhestandsplanung.de\/index.php\/\",\"name\":\"Institut f\u00fcr Ruhestandsplanung in M\u00fcnchen\",\"description\":\"\",\"potentialAction\":[{\"@type\":\"SearchAction\",\"target\":{\"@type\":\"EntryPoint\",\"urlTemplate\":\"https:\/\/www.institut-f\u00fcr-ruhestandsplanung.de\/index.php\/?s={search_term_string}\"},\"query-input\":\"required name=search_term_string\"}],\"inLanguage\":\"de\"}]}<\/script>\n<!-- \/ Yoast SEO plugin. -->","yoast_head_json":{"title":"Karriere - Institut f\u00fcr Ruhestandsplanung in M\u00fcnchen","robots":{"index":"index","follow":"follow","max-snippet":"max-snippet:-1","max-image-preview":"max-image-preview:large","max-video-preview":"max-video-preview:-1"},"canonical":"https:\/\/www.institut-f\u00fcr-ruhestandsplanung.de\/index.php\/karriere\/","og_locale":"de_DE","og_type":"article","og_title":"Karriere - Institut f\u00fcr Ruhestandsplanung in M\u00fcnchen","og_description":"Karriere Immer mehr Menschen suchen objektiven und unabh\u00e4ngigen Rat f\u00fcr die Sicherung Ihres Verm\u00f6gens und f\u00fcr die Vorsorge v.a. f\u00fcr den Ruhestand. Das Institut f\u00fcr RuhestandsPlanung wird daher weiter wachsen, mit engagierten Mitartbeitern, Partnern und auch mit Repr\u00e4sentanzen an diversen Standorten in Deutschland. Wir bieten daher die Ausbildung zum &#8222;Sachverts\u00e4ndingen f\u00fcr Ruhestands- &amp; VorsorgePlanung&#8220; an.&nbsp;Continue Reading &rarr;","og_url":"https:\/\/www.institut-f\u00fcr-ruhestandsplanung.de\/index.php\/karriere\/","og_site_name":"Institut f\u00fcr Ruhestandsplanung in M\u00fcnchen","article_modified_time":"2020-03-30T13:08:10+00:00","twitter_card":"summary_large_image","twitter_misc":{"Gesch\u00e4tzte Lesezeit":"1\u00a0Minute"},"schema":{"@context":"https:\/\/schema.org","@graph":[{"@type":"WebPage","@id":"https:\/\/www.institut-f\u00fcr-ruhestandsplanung.de\/index.php\/karriere\/","url":"https:\/\/www.institut-f\u00fcr-ruhestandsplanung.de\/index.php\/karriere\/","name":"Karriere - Institut f\u00fcr Ruhestandsplanung in M\u00fcnchen","isPartOf":{"@id":"https:\/\/www.institut-f\u00fcr-ruhestandsplanung.de\/index.php\/#website"},"datePublished":"2017-01-17T15:48:01+00:00","dateModified":"2020-03-30T13:08:10+00:00","breadcrumb":{"@id":"https:\/\/www.institut-f\u00fcr-ruhestandsplanung.de\/index.php\/karriere\/#breadcrumb"},"inLanguage":"de","potentialAction":[{"@type":"ReadAction","target":["https:\/\/www.institut-f\u00fcr-ruhestandsplanung.de\/index.php\/karriere\/"]}]},{"@type":"BreadcrumbList","@id":"https:\/\/www.institut-f\u00fcr-ruhestandsplanung.de\/index.php\/karriere\/#breadcrumb","itemListElement":[{"@type":"ListItem","position":1,"name":"Startseite","item":"https:\/\/www.institut-f\u00fcr-ruhestandsplanung.de\/index.php\/"},{"@type":"ListItem","position":2,"name":"Karriere"}]},{"@type":"WebSite","@id":"https:\/\/www.institut-f\u00fcr-ruhestandsplanung.de\/index.php\/#website","url":"https:\/\/www.institut-f\u00fcr-ruhestandsplanung.de\/index.php\/","name":"Institut f\u00fcr Ruhestandsplanung in M\u00fcnchen","description":"","potentialAction":[{"@type":"SearchAction","target":{"@type":"EntryPoint","urlTemplate":"https:\/\/www.institut-f\u00fcr-ruhestandsplanung.de\/index.php\/?s={search_term_string}"},"query-input":"required name=search_term_string"}],"inLanguage":"de"}]}},"_links":{"self":[{"href":"https:\/\/www.institut-f\u00fcr-ruhestandsplanung.de\/index.php\/wp-json\/wp\/v2\/pages\/48"}],"collection":[{"href":"https:\/\/www.institut-f\u00fcr-ruhestandsplanung.de\/index.php\/wp-json\/wp\/v2\/pages"}],"about":[{"href":"https:\/\/www.institut-f\u00fcr-ruhestandsplanung.de\/index.php\/wp-json\/wp\/v2\/types\/page"}],"author":[{"embeddable":true,"href":"https:\/\/www.institut-f\u00fcr-ruhestandsplanung.de\/index.php\/wp-json\/wp\/v2\/users\/1"}],"replies":[{"embeddable":true,"href":"https:\/\/www.institut-f\u00fcr-ruhestandsplanung.de\/index.php\/wp-json\/wp\/v2\/comments?post=48"}],"version-history":[{"count":9,"href":"https:\/\/www.institut-f\u00fcr-ruhestandsplanung.de\/index.php\/wp-json\/wp\/v2\/pages\/48\/revisions"}],"predecessor-version":[{"id":870,"href":"https:\/\/www.institut-f\u00fcr-ruhestandsplanung.de\/index.php\/wp-json\/wp\/v2\/pages\/48\/revisions\/870"}],"wp:attachment":[{"href":"https:\/\/www.institut-f\u00fcr-ruhestandsplanung.de\/index.php\/wp-json\/wp\/v2\/media?parent=48"}],"curies":[{"name":"wp","href":"https:\/\/api.w.org\/{rel}","templated":true}]}}