{"id":51,"date":"2017-01-17T16:50:47","date_gmt":"2017-01-17T15:50:47","guid":{"rendered":"http:\/\/www.institut-f\u00fcr-ruhestandsplanung.de\/?page_id=51"},"modified":"2020-07-15T11:57:12","modified_gmt":"2020-07-15T09:57:12","slug":"impressum","status":"publish","type":"page","link":"https:\/\/www.institut-f\u00fcr-ruhestandsplanung.de\/index.php\/","title":{"rendered":"Impressum"},"content":{"rendered":"<h1>Impressum<\/h1>\n<p><strong>Firmenname:<\/strong><br \/>\nInstitut f\u00fcr RuhestandsPlanung<br \/>\n<strong>Anschrift:<\/strong><br \/>\nProf. Messerschmitt-Str. 3<br \/>\n85579 M\u00fcnchen-Neubiberg<\/p>\n<p>Telefon: 49-(0)89-78060861 Fax: +49-(0)89-71046254<br \/>\nInternet: www.institut-f\u00fcr-ruhestandsplanung.de<br \/>\nE-Mail: info@irp-institut.de<\/p>\n<p><strong>Gesch\u00e4fstf\u00fchrer\/Inhaber:<\/strong> Gernot Arendt<br \/>\nDipl. \u00d6konom | Bankkaufmann<br \/>\nZertifizierter Sachverts\u00e4ndiger f. d. RuhestandsPlanung (BDRD)<\/p>\n<p>\n<strong>USt.-ID-Nr.:<\/strong> DE 201805340\u00a0\u00a0 <strong>Steuernummer<\/strong>: 144\/112\/50882<br \/>\n<strong>Inhaltlich Verantwortlicher gem\u00e4\u00df \u00a7 6 MDStV: Gernot Arendt<\/strong><br \/>\nUnabh\u00e4ngigkeit Das Institut f\u00fcr Ruhestandsplanung h\u00e4lt KEINE mittelbare oder unmittelbare Beteiligung an den Stimmrechten oder am Kapital eines Unternehmens.<br \/>\nKein Unternehmen h\u00e4lt mittelbare oder unmittelbare Beteiligung an den Stimmrechten oder am Kapital des Instituts f\u00fcr Ruhestandsplanung.<\/p>\n<p><strong>Datenschutzerkl\u00e4rung \/ Haftungshinweis \/ Disclaimer:<\/strong><\/p>\n<p>Herzlich willkommen!<br \/>\nWir freuen uns, dass Sie unsere Webseiten besuchen und bedanken uns f\u00fcr Ihr Interesse an unserem Unternehmen, unseren Produkten und unseren Webseiten. Der Schutz Ihrer Privatsph\u00e4re bei der Nutzung unserer Webseiten ist uns wichtig. Daher nehmen Sie bitte nachstehende Informationen zur Kenntnis:<\/p>\n<p><strong>Anonyme Datenerhebung<\/strong><br \/>\nSie k\u00f6nnen unsere Webseiten grunds\u00e4tzlich besuchen, ohne uns mitzuteilen, wer Sie sind. Wir erfahren nur den Namen Ihres Internet Service Providers, die Webseite, von der aus Sie uns besuchen, und die Webseiten, die Sie bei uns besuchen. Diese Informationen werden zu statistischen Zwecken ausgewertet. Sie bleiben als einzelner Nutzer hierbei anonym.<\/p>\n<p><strong>Erhebung und Verarbeitung personenbezogener Daten<\/strong><br \/>\nPersonenbezogene Daten werden nur erhoben, wenn Sie uns diese von sich aus, zum Beispiel zur Durchf\u00fchrung eines Vertrages, einer Umfrage oder bei der Registrierung f\u00fcr personalisierte Dienste mitteilen. Im Rahmen der personalisierten Dienste von uns werden Ihre Registrierungsdaten unter der Voraussetzung Ihrer Einwilligung zum Zwecke von Werbung und Marktforschung sowie zur bedarfsgerechten Gestaltung elektronischer Dienste verarbeitet.<\/p>\n<p><strong>Nutzung und Weitergabe personenbezogener Daten<\/strong><br \/>\nDie im Rahmen der Webseiten von uns erhobenen personenbezogenen Daten werden ohne Ihre Einwilligung nur zur Vertragsabwicklung und Bearbeitung Ihrer Anfragen genutzt. Dar\u00fcber hinaus erfolgt eine Nutzung Ihrer Daten f\u00fcr Zwecke der Werbung und Marktforschung sowie zur bedarfsgerechten Gestaltung der elektronischen Dienste von uns nur, wenn Sie hierzu zuvor Ihre Einwilligung erteilt haben. Die Nutzung Ihrer Daten f\u00fcr pers\u00f6nlich auf Sie zugeschnittene Werbung erfolgt ebenfalls nur im Falle Ihrer Einwilligung. Es findet keine Weitergabe Ihrer Daten an Dritte statt. Ihre jeweilige Einwilligung k\u00f6nnen Sie selbstverst\u00e4ndlich jederzeit mit Wirkung f\u00fcr die Zukunft widerrufen.<\/p>\n<p><strong>Externe Links<\/strong><br \/>\nZu Ihrer optimalen Information finden Sie auf unseren Seiten Links, die auf Seiten Dritter verweisen. Soweit diese nicht offensichtlich erkennbar sind, weisen wir Sie darauf hin, dass es sich um einen externen Link handelt. Wir haben keinerlei Einfluss auf den Inhalt und die Gestaltung dieser Seiten anderer Anbieter. Die Garantien dieser Datenschutzerkl\u00e4rung gelten daher selbstverst\u00e4ndlich dort nicht.<\/p>\n<p><strong>Weitere Informationen und Kontakte<\/strong><br \/>\nWenn Sie weitere Fragen zum Thema Datenschutz bei uns haben, wenden Sie sich bitte direkt an uns. Die Kontaktadresse finden Sie oben auf dieser Seite. Dort k\u00f6nnen Sie erfragen, welche Ihrer Daten bei uns gespeichert sind. Dar\u00fcber hinaus k\u00f6nnen Sie Ausk\u00fcnfte, L\u00f6schungs- und Berichtigungsw\u00fcnsche zu Ihren Daten und gerne auch Anregungen jederzeit per E-Mail oder Brief an uns senden. Die komplette Adresse von uns finden Sie ebenfalls oben auf dieser Seite.<\/p>\n","protected":false},"excerpt":{"rendered":"<p>Impressum Firmenname: Institut f\u00fcr RuhestandsPlanung Anschrift: Prof. Messerschmitt-Str. 3 85579 M\u00fcnchen-Neubiberg Telefon: 49-(0)89-78060861 Fax: +49-(0)89-71046254 Internet: www.institut-f\u00fcr-ruhestandsplanung.de E-Mail: info@irp-institut.de Gesch\u00e4fstf\u00fchrer\/Inhaber: Gernot Arendt Dipl. \u00d6konom | Bankkaufmann Zertifizierter Sachverts\u00e4ndiger f. d. RuhestandsPlanung (BDRD) USt.-ID-Nr.: DE 201805340\u00a0\u00a0 Steuernummer: 144\/112\/50882 Inhaltlich Verantwortlicher gem\u00e4\u00df \u00a7 6 MDStV: Gernot Arendt Unabh\u00e4ngigkeit Das Institut f\u00fcr Ruhestandsplanung h\u00e4lt KEINE mittelbare oder unmittelbare&nbsp;<\/p>\n<p><a class=\"btn btn-success btn-lg\" href=\"https:\/\/www.institut-f\u00fcr-ruhestandsplanung.de\/index.php\/\">Continue Reading &rarr;<\/a><\/p>\n","protected":false},"author":1,"featured_media":0,"parent":0,"menu_order":1,"comment_status":"closed","ping_status":"closed","template":"","meta":[],"yoast_head":"<!-- This site is optimized with the Yoast SEO plugin v19.13 - https:\/\/yoast.com\/wordpress\/plugins\/seo\/ -->\n<title>Impressum - Institut f\u00fcr Ruhestandsplanung in M\u00fcnchen<\/title>\n<meta name=\"robots\" content=\"index, follow, max-snippet:-1, max-image-preview:large, max-video-preview:-1\" \/>\n<link rel=\"canonical\" href=\"https:\/\/www.institut-f\u00fcr-ruhestandsplanung.de\/index.php\/\" \/>\n<meta property=\"og:locale\" content=\"de_DE\" \/>\n<meta property=\"og:type\" content=\"article\" \/>\n<meta property=\"og:title\" content=\"Impressum - Institut f\u00fcr Ruhestandsplanung in M\u00fcnchen\" \/>\n<meta property=\"og:description\" content=\"Impressum Firmenname: Institut f\u00fcr RuhestandsPlanung Anschrift: Prof. Messerschmitt-Str. 3 85579 M\u00fcnchen-Neubiberg Telefon: 49-(0)89-78060861 Fax: +49-(0)89-71046254 Internet: www.institut-f\u00fcr-ruhestandsplanung.de E-Mail: info@irp-institut.de Gesch\u00e4fstf\u00fchrer\/Inhaber: Gernot Arendt Dipl. \u00d6konom | Bankkaufmann Zertifizierter Sachverts\u00e4ndiger f. d. RuhestandsPlanung (BDRD) USt.-ID-Nr.: DE 201805340\u00a0\u00a0 Steuernummer: 144\/112\/50882 Inhaltlich Verantwortlicher gem\u00e4\u00df \u00a7 6 MDStV: Gernot Arendt Unabh\u00e4ngigkeit Das Institut f\u00fcr Ruhestandsplanung h\u00e4lt KEINE mittelbare oder unmittelbare&nbsp;Continue Reading &rarr;\" \/>\n<meta property=\"og:url\" content=\"https:\/\/www.institut-f\u00fcr-ruhestandsplanung.de\/index.php\/\" \/>\n<meta property=\"og:site_name\" content=\"Institut f\u00fcr Ruhestandsplanung in M\u00fcnchen\" \/>\n<meta property=\"article:modified_time\" content=\"2020-07-15T09:57:12+00:00\" \/>\n<meta name=\"twitter:card\" content=\"summary_large_image\" \/>\n<meta name=\"twitter:label1\" content=\"Gesch\u00e4tzte Lesezeit\" \/>\n\t<meta name=\"twitter:data1\" content=\"3\u00a0Minuten\" \/>\n<script type=\"application\/ld+json\" class=\"yoast-schema-graph\">{\"@context\":\"https:\/\/schema.org\",\"@graph\":[{\"@type\":\"WebPage\",\"@id\":\"https:\/\/www.institut-f\u00fcr-ruhestandsplanung.de\/index.php\/\",\"url\":\"https:\/\/www.institut-f\u00fcr-ruhestandsplanung.de\/index.php\/\",\"name\":\"Impressum - Institut f\u00fcr Ruhestandsplanung in M\u00fcnchen\",\"isPartOf\":{\"@id\":\"https:\/\/www.institut-f\u00fcr-ruhestandsplanung.de\/index.php\/#website\"},\"datePublished\":\"2017-01-17T15:50:47+00:00\",\"dateModified\":\"2020-07-15T09:57:12+00:00\",\"breadcrumb\":{\"@id\":\"https:\/\/www.institut-f\u00fcr-ruhestandsplanung.de\/index.php\/#breadcrumb\"},\"inLanguage\":\"de\",\"potentialAction\":[{\"@type\":\"ReadAction\",\"target\":[\"https:\/\/www.institut-f\u00fcr-ruhestandsplanung.de\/index.php\/\"]}]},{\"@type\":\"BreadcrumbList\",\"@id\":\"https:\/\/www.institut-f\u00fcr-ruhestandsplanung.de\/index.php\/#breadcrumb\",\"itemListElement\":[{\"@type\":\"ListItem\",\"position\":1,\"name\":\"Startseite\",\"item\":\"https:\/\/www.institut-f\u00fcr-ruhestandsplanung.de\/index.php\/\"},{\"@type\":\"ListItem\",\"position\":2,\"name\":\"Impressum\"}]},{\"@type\":\"WebSite\",\"@id\":\"https:\/\/www.institut-f\u00fcr-ruhestandsplanung.de\/index.php\/#website\",\"url\":\"https:\/\/www.institut-f\u00fcr-ruhestandsplanung.de\/index.php\/\",\"name\":\"Institut f\u00fcr Ruhestandsplanung in M\u00fcnchen\",\"description\":\"\",\"potentialAction\":[{\"@type\":\"SearchAction\",\"target\":{\"@type\":\"EntryPoint\",\"urlTemplate\":\"https:\/\/www.institut-f\u00fcr-ruhestandsplanung.de\/index.php\/?s={search_term_string}\"},\"query-input\":\"required name=search_term_string\"}],\"inLanguage\":\"de\"}]}<\/script>\n<!-- \/ Yoast SEO plugin. -->","yoast_head_json":{"title":"Impressum - Institut f\u00fcr Ruhestandsplanung in M\u00fcnchen","robots":{"index":"index","follow":"follow","max-snippet":"max-snippet:-1","max-image-preview":"max-image-preview:large","max-video-preview":"max-video-preview:-1"},"canonical":"https:\/\/www.institut-f\u00fcr-ruhestandsplanung.de\/index.php\/","og_locale":"de_DE","og_type":"article","og_title":"Impressum - Institut f\u00fcr Ruhestandsplanung in M\u00fcnchen","og_description":"Impressum Firmenname: Institut f\u00fcr RuhestandsPlanung Anschrift: Prof. Messerschmitt-Str. 3 85579 M\u00fcnchen-Neubiberg Telefon: 49-(0)89-78060861 Fax: +49-(0)89-71046254 Internet: www.institut-f\u00fcr-ruhestandsplanung.de E-Mail: info@irp-institut.de Gesch\u00e4fstf\u00fchrer\/Inhaber: Gernot Arendt Dipl. \u00d6konom | Bankkaufmann Zertifizierter Sachverts\u00e4ndiger f. d. RuhestandsPlanung (BDRD) USt.-ID-Nr.: DE 201805340\u00a0\u00a0 Steuernummer: 144\/112\/50882 Inhaltlich Verantwortlicher gem\u00e4\u00df \u00a7 6 MDStV: Gernot Arendt Unabh\u00e4ngigkeit Das Institut f\u00fcr Ruhestandsplanung h\u00e4lt KEINE mittelbare oder unmittelbare&nbsp;Continue Reading &rarr;","og_url":"https:\/\/www.institut-f\u00fcr-ruhestandsplanung.de\/index.php\/","og_site_name":"Institut f\u00fcr Ruhestandsplanung in M\u00fcnchen","article_modified_time":"2020-07-15T09:57:12+00:00","twitter_card":"summary_large_image","twitter_misc":{"Gesch\u00e4tzte Lesezeit":"3\u00a0Minuten"},"schema":{"@context":"https:\/\/schema.org","@graph":[{"@type":"WebPage","@id":"https:\/\/www.institut-f\u00fcr-ruhestandsplanung.de\/index.php\/","url":"https:\/\/www.institut-f\u00fcr-ruhestandsplanung.de\/index.php\/","name":"Impressum - Institut f\u00fcr Ruhestandsplanung in M\u00fcnchen","isPartOf":{"@id":"https:\/\/www.institut-f\u00fcr-ruhestandsplanung.de\/index.php\/#website"},"datePublished":"2017-01-17T15:50:47+00:00","dateModified":"2020-07-15T09:57:12+00:00","breadcrumb":{"@id":"https:\/\/www.institut-f\u00fcr-ruhestandsplanung.de\/index.php\/#breadcrumb"},"inLanguage":"de","potentialAction":[{"@type":"ReadAction","target":["https:\/\/www.institut-f\u00fcr-ruhestandsplanung.de\/index.php\/"]}]},{"@type":"BreadcrumbList","@id":"https:\/\/www.institut-f\u00fcr-ruhestandsplanung.de\/index.php\/#breadcrumb","itemListElement":[{"@type":"ListItem","position":1,"name":"Startseite","item":"https:\/\/www.institut-f\u00fcr-ruhestandsplanung.de\/index.php\/"},{"@type":"ListItem","position":2,"name":"Impressum"}]},{"@type":"WebSite","@id":"https:\/\/www.institut-f\u00fcr-ruhestandsplanung.de\/index.php\/#website","url":"https:\/\/www.institut-f\u00fcr-ruhestandsplanung.de\/index.php\/","name":"Institut f\u00fcr Ruhestandsplanung in M\u00fcnchen","description":"","potentialAction":[{"@type":"SearchAction","target":{"@type":"EntryPoint","urlTemplate":"https:\/\/www.institut-f\u00fcr-ruhestandsplanung.de\/index.php\/?s={search_term_string}"},"query-input":"required name=search_term_string"}],"inLanguage":"de"}]}},"_links":{"self":[{"href":"https:\/\/www.institut-f\u00fcr-ruhestandsplanung.de\/index.php\/wp-json\/wp\/v2\/pages\/51"}],"collection":[{"href":"https:\/\/www.institut-f\u00fcr-ruhestandsplanung.de\/index.php\/wp-json\/wp\/v2\/pages"}],"about":[{"href":"https:\/\/www.institut-f\u00fcr-ruhestandsplanung.de\/index.php\/wp-json\/wp\/v2\/types\/page"}],"author":[{"embeddable":true,"href":"https:\/\/www.institut-f\u00fcr-ruhestandsplanung.de\/index.php\/wp-json\/wp\/v2\/users\/1"}],"replies":[{"embeddable":true,"href":"https:\/\/www.institut-f\u00fcr-ruhestandsplanung.de\/index.php\/wp-json\/wp\/v2\/comments?post=51"}],"version-history":[{"count":5,"href":"https:\/\/www.institut-f\u00fcr-ruhestandsplanung.de\/index.php\/wp-json\/wp\/v2\/pages\/51\/revisions"}],"predecessor-version":[{"id":873,"href":"https:\/\/www.institut-f\u00fcr-ruhestandsplanung.de\/index.php\/wp-json\/wp\/v2\/pages\/51\/revisions\/873"}],"wp:attachment":[{"href":"https:\/\/www.institut-f\u00fcr-ruhestandsplanung.de\/index.php\/wp-json\/wp\/v2\/media?parent=51"}],"curies":[{"name":"wp","href":"https:\/\/api.w.org\/{rel}","templated":true}]}}