{"id":956,"date":"2022-04-27T10:57:24","date_gmt":"2022-04-27T08:57:24","guid":{"rendered":"https:\/\/www.institut-f\u00fcr-ruhestandsplanung.de\/index.php\/?page_id=956"},"modified":"2022-12-28T11:10:39","modified_gmt":"2022-12-28T10:10:39","slug":"webinaranmeldung","status":"publish","type":"page","link":"https:\/\/www.institut-f\u00fcr-ruhestandsplanung.de\/index.php\/webinaranmeldung\/","title":{"rendered":"Webinaranmeldung"},"content":{"rendered":"<h1>Willkommen bei der Webinar-Anmeldung<\/h1>\n<p>Sie haben Interesse an unserem Webinar <\/p>\n<p><strong>Aktuelle Markteinsch\u00e4tzung<\/strong><\/p>\n<p><strong>Welche Auswirkungen haben der Ukraine-Krieg, die Lieferengp\u00e4sse bei vielen Produkten, die hohe Inflation und die Energiewende auf Verm\u00f6gen, Renten, Finanzen.<\/strong><\/p>\n<p><strong>Was sind aktuell sinnvolle Konzepte, Verm\u00f6gen mit Sachwerten zu sichern und einen Inflationsausglich zu schaffen.<\/strong><\/p>\n<p>Bitte f\u00fcllen Sie das folgende Formular vollstandig aus. Nach dem Versenden des Formulars erhalten Sie von uns einen Best\u00e4tigungsmail.<\/p>\n<p><strong>Das erwartet Sie im Webinar:<\/strong><\/p>\n<p>Sie erhalten eine Zusammenfassung der Markteinsch\u00e4tzungen bedeutender Verm\u00f6gensverwalter, Fondsmanager, Volkswirte und Kapitalmarkstrategen, mit denen wir permanent \u00fcber Webinare, Workshops, Konferenzen in Kontakt sind. Sie erfahren dadurch deren Einsch\u00e4tzungen und Weltbild f\u00fcr die Zukunft und welche konkreten Handlungsempfehlungen sich daraus abeleiten, um mit Sachwert-Konzepten\u00a0 Verm\u00f6gen zu sichern und einen Inflationsausglich schaffen zu k\u00f6nnen.<\/p>\n<p>Sachwerte wie Immobilien, Edelmetalle, Aktien ebenso behandelt, wie Edelsteine und Kunst(fotografie) als Wertspeicher. \u00a0\u00a0<\/p>\n<p>&nbsp;<\/p>\n<p>&nbsp;<\/p>\n<div class=\"wpcf7 no-js\" id=\"wpcf7-f1060-o1\" lang=\"de-DE\" dir=\"ltr\">\n<div class=\"screen-reader-response\"><p role=\"status\" aria-live=\"polite\" aria-atomic=\"true\"><\/p> <ul><\/ul><\/div>\n<form action=\"\/index.php\/wp-json\/wp\/v2\/pages\/956#wpcf7-f1060-o1\" method=\"post\" class=\"wpcf7-form init\" aria-label=\"Kontaktformular\" novalidate=\"novalidate\" data-status=\"init\">\n<div style=\"display: none;\">\n<input type=\"hidden\" name=\"_wpcf7\" value=\"1060\" \/>\n<input type=\"hidden\" name=\"_wpcf7_version\" value=\"5.7.2\" \/>\n<input type=\"hidden\" name=\"_wpcf7_locale\" value=\"de_DE\" \/>\n<input type=\"hidden\" name=\"_wpcf7_unit_tag\" value=\"wpcf7-f1060-o1\" \/>\n<input type=\"hidden\" name=\"_wpcf7_container_post\" value=\"0\" \/>\n<input type=\"hidden\" name=\"_wpcf7_posted_data_hash\" value=\"\" \/>\n<\/div>\n<div class=\"wps-form\">\n\t<div class=\"wps-form-row\">\n\t\t<div class=\"wps-form-column\">\n\t\t\t<lable>\n\t\t\t\t<p>Vorname* <span class=\"wpcf7-form-control-wrap\" data-name=\"Vorname\"><input size=\"40\" class=\"wpcf7-form-control wpcf7-text wpcf7-validates-as-required\" aria-required=\"true\" aria-invalid=\"false\" value=\"\" type=\"text\" name=\"Vorname\" \/><\/span>\n\t\t\t\t<\/p>\n\t\t\t<\/lable>\n\t\t<\/div>\n\t\t<div class=\"wps-form-column\">\n\t\t\t<lable>\n\t\t\t\t<p>Nachname* <span class=\"wpcf7-form-control-wrap\" data-name=\"Nachname\"><input size=\"40\" class=\"wpcf7-form-control wpcf7-text wpcf7-validates-as-required\" aria-required=\"true\" aria-invalid=\"false\" value=\"\" type=\"text\" name=\"Nachname\" \/><\/span>\n\t\t\t\t<\/p>\n\t\t\t<\/lable>\n\t\t<\/div>\n\t<\/div>\n\t<div class=\"wps-form-row\">\n\t\t<div class=\"wps-form-column\">\n\t\t\t<lable>\n\t\t\t\t<p>E-Mail* <span class=\"wpcf7-form-control-wrap\" data-name=\"EMail\"><input size=\"40\" class=\"wpcf7-form-control wpcf7-text wpcf7-validates-as-required\" aria-required=\"true\" aria-invalid=\"false\" value=\"\" type=\"text\" name=\"EMail\" \/><\/span>\n\t\t\t\t<\/p>\n\t\t\t<\/lable>\n\t\t<\/div>\n\t\t<div class=\"wps-form-column\">\n\t\t\t<lable>\n\t\t\t\t<p>E-Mail best\u00e4tigen* <span class=\"wpcf7-form-control-wrap\" data-name=\"EMailzwei\"><input size=\"40\" class=\"wpcf7-form-control wpcf7-text wpcf7-validates-as-required\" aria-required=\"true\" aria-invalid=\"false\" value=\"\" type=\"text\" name=\"EMailzwei\" \/><\/span>\n\t\t\t\t<\/p>\n\t\t\t<\/lable>\n\t\t<\/div>\n\t<\/div>\n\t<div class=\"wps-form-row\">\n\t\t<div class=\"wps-form-column\">\n\t\t\t<lable>\n\t\t\t\t<p>Telefonnummer* <span class=\"wpcf7-form-control-wrap\" data-name=\"Telefonnummer\"><input size=\"40\" class=\"wpcf7-form-control wpcf7-text wpcf7-validates-as-required\" aria-required=\"true\" aria-invalid=\"false\" value=\"\" type=\"text\" name=\"Telefonnummer\" \/><\/span>\n\t\t\t\t<\/p>\n\t\t\t<\/lable>\n\t\t<\/div>\n\t\t<div class=\"wps-form-column\">\n\t\t\t<lable>\n\t\t\t\t<p>Mobilnummer* <span class=\"wpcf7-form-control-wrap\" data-name=\"mobilnummer\"><input size=\"40\" class=\"wpcf7-form-control wpcf7-text wpcf7-validates-as-required\" aria-required=\"true\" aria-invalid=\"false\" value=\"\" type=\"text\" name=\"mobilnummer\" \/><\/span>\n\t\t\t\t<\/p>\n\t\t\t<\/lable>\n\t\t<\/div>\n\t<\/div>\n\t<div class=\"wps-form-row\">\n\t\t<p><br \/>\nFreiwillige Angaben:\n\t\t<\/p>\n\t<\/div>\n\t<div class=\"wps-form-row\">\n\t\t<div class=\"wps-form-column\">\n\t\t\t<lable>\n\t\t\t\t<p>Strasse u. Hs <span class=\"wpcf7-form-control-wrap\" data-name=\"Strasse\"><input size=\"40\" class=\"wpcf7-form-control wpcf7-text\" aria-invalid=\"false\" value=\"\" type=\"text\" name=\"Strasse\" \/><\/span>\n\t\t\t\t<\/p>\n\t\t\t<\/lable>\n\t\t<\/div>\n\t\t<div class=\"wps-form-column\">\n\t\t\t<lable>\n\t\t\t\t<p>PLZ <span class=\"wpcf7-form-control-wrap\" data-name=\"PLZOrt\"><input size=\"40\" class=\"wpcf7-form-control wpcf7-text\" aria-invalid=\"false\" value=\"\" type=\"text\" name=\"PLZOrt\" \/><\/span>\n\t\t\t\t<\/p>\n\t\t\t<\/lable>\n\t\t<\/div>\n\t<\/div>\n\t<div class=\"wps-form-row\">\n\t\t<p><span class=\"wpcf7-form-control-wrap\" data-name=\"menu-486\"><select class=\"wpcf7-form-control wpcf7-select\" aria-invalid=\"false\" name=\"menu-486\"><option value=\"Webinar\">Webinar<\/option><\/select><\/span>\n\t\t<\/p>\n\t<\/div>\n\t<div class=\"wps-form-row\">\n\t\t<p><span class=\"wpcf7-form-control-wrap\" data-name=\"Termin\"><span class=\"wpcf7-form-control wpcf7-radio\"><span class=\"wpcf7-list-item first\"><label><input type=\"radio\" name=\"Termin\" value=\"Donnerstag, 24.06.2022 19:00 h\" checked=\"checked\" tabindex=\"\" \/><span class=\"wpcf7-list-item-label\">Donnerstag, 24.06.2022 19:00 h<\/span><\/label><\/span><span class=\"wpcf7-list-item\"><label><input type=\"radio\" name=\"Termin\" value=\"Dienstag, 28.06.2022 19:00 h\" tabindex=\"\" \/><span class=\"wpcf7-list-item-label\">Dienstag, 28.06.2022 19:00 h<\/span><\/label><\/span><span class=\"wpcf7-list-item last\"><label><input type=\"radio\" name=\"Termin\" value=\"n.v,\" tabindex=\"\" \/><span class=\"wpcf7-list-item-label\">n.v,<\/span><\/label><\/span><\/span><\/span>\n\t\t<\/p>\n\t<\/div>\n\t<div class=\"wps-form-row\">\n\t\t<lable>\n\t\t\t<p>Ihre Nachricht\/Anmerkung<span class=\"wpcf7-form-control-wrap\" data-name=\"IhreNachrichtAnmerkung\"><textarea cols=\"40\" rows=\"10\" class=\"wpcf7-form-control wpcf7-textarea\" aria-invalid=\"false\" name=\"IhreNachrichtAnmerkung\"><\/textarea><\/span>\n\t\t\t<\/p>\n\t\t<\/lable>\n\t<\/div>\n\t<div class=\"wps-form-row\">\n\t\t<p><span class=\"wpcf7-form-control-wrap\" data-name=\"Datenschutz\"><span class=\"wpcf7-form-control wpcf7-acceptance\"><span class=\"wpcf7-list-item\"><label><input type=\"checkbox\" name=\"Datenschutz\" value=\"1\" aria-invalid=\"false\" \/><span class=\"wpcf7-list-item-label\">Ich best\u00e4tige, dass ich die Datenschutzrichtlinien zur Teilnahme am Webinar gelesen und verstanden habe und stimme der Weitergabe meiner personenbezogenen Daten an die teilnehmenden Partnerunternehmen zu.<\/span><\/label><\/span><\/span><\/span>\n\t\t<\/p>\n\t<\/div>\n\t<div class=\"wps-form-rowc\">\n\t\t<p><input class=\"wpcf7-form-control has-spinner wpcf7-submit\" type=\"submit\" value=\"ANFRAGE VERSENDEN\" \/>\n\t\t<\/p>\n\t<\/div>\n<\/div><div class=\"wpcf7-response-output\" aria-hidden=\"true\"><\/div><\/form><\/div>\n","protected":false},"excerpt":{"rendered":"<p>Willkommen bei der Webinar-Anmeldung Sie haben Interesse an unserem Webinar Aktuelle Markteinsch\u00e4tzung Welche Auswirkungen haben der Ukraine-Krieg, die Lieferengp\u00e4sse bei vielen Produkten, die hohe Inflation und die Energiewende auf Verm\u00f6gen, Renten, Finanzen. Was sind aktuell sinnvolle Konzepte, Verm\u00f6gen mit Sachwerten zu sichern und einen Inflationsausglich zu schaffen. Bitte f\u00fcllen Sie das folgende Formular vollstandig aus.&nbsp;<\/p>\n<p><a class=\"btn btn-success btn-lg\" href=\"https:\/\/www.institut-f\u00fcr-ruhestandsplanung.de\/index.php\/webinaranmeldung\/\">Continue Reading &rarr;<\/a><\/p>\n","protected":false},"author":1,"featured_media":0,"parent":0,"menu_order":0,"comment_status":"closed","ping_status":"closed","template":"","meta":[],"yoast_head":"<!-- This site is optimized with the Yoast SEO plugin v19.13 - https:\/\/yoast.com\/wordpress\/plugins\/seo\/ -->\n<title>Webinaranmeldung - Institut f\u00fcr Ruhestandsplanung in M\u00fcnchen<\/title>\n<meta name=\"robots\" content=\"index, follow, max-snippet:-1, max-image-preview:large, max-video-preview:-1\" \/>\n<link rel=\"canonical\" href=\"https:\/\/www.institut-f\u00fcr-ruhestandsplanung.de\/index.php\/webinaranmeldung\/\" \/>\n<meta property=\"og:locale\" content=\"de_DE\" \/>\n<meta property=\"og:type\" content=\"article\" \/>\n<meta property=\"og:title\" content=\"Webinaranmeldung - Institut f\u00fcr Ruhestandsplanung in M\u00fcnchen\" \/>\n<meta property=\"og:description\" content=\"Willkommen bei der Webinar-Anmeldung Sie haben Interesse an unserem Webinar Aktuelle Markteinsch\u00e4tzung Welche Auswirkungen haben der Ukraine-Krieg, die Lieferengp\u00e4sse bei vielen Produkten, die hohe Inflation und die Energiewende auf Verm\u00f6gen, Renten, Finanzen. Was sind aktuell sinnvolle Konzepte, Verm\u00f6gen mit Sachwerten zu sichern und einen Inflationsausglich zu schaffen. Bitte f\u00fcllen Sie das folgende Formular vollstandig aus.&nbsp;Continue Reading &rarr;\" \/>\n<meta property=\"og:url\" content=\"https:\/\/www.institut-f\u00fcr-ruhestandsplanung.de\/index.php\/webinaranmeldung\/\" \/>\n<meta property=\"og:site_name\" content=\"Institut f\u00fcr Ruhestandsplanung in M\u00fcnchen\" \/>\n<meta property=\"article:modified_time\" content=\"2022-12-28T10:10:39+00:00\" \/>\n<meta name=\"twitter:card\" content=\"summary_large_image\" \/>\n<meta name=\"twitter:label1\" content=\"Gesch\u00e4tzte Lesezeit\" \/>\n\t<meta name=\"twitter:data1\" content=\"1\u00a0Minute\" \/>\n<script type=\"application\/ld+json\" class=\"yoast-schema-graph\">{\"@context\":\"https:\/\/schema.org\",\"@graph\":[{\"@type\":\"WebPage\",\"@id\":\"https:\/\/www.institut-f\u00fcr-ruhestandsplanung.de\/index.php\/webinaranmeldung\/\",\"url\":\"https:\/\/www.institut-f\u00fcr-ruhestandsplanung.de\/index.php\/webinaranmeldung\/\",\"name\":\"Webinaranmeldung - Institut f\u00fcr Ruhestandsplanung in M\u00fcnchen\",\"isPartOf\":{\"@id\":\"https:\/\/www.institut-f\u00fcr-ruhestandsplanung.de\/index.php\/#website\"},\"datePublished\":\"2022-04-27T08:57:24+00:00\",\"dateModified\":\"2022-12-28T10:10:39+00:00\",\"breadcrumb\":{\"@id\":\"https:\/\/www.institut-f\u00fcr-ruhestandsplanung.de\/index.php\/webinaranmeldung\/#breadcrumb\"},\"inLanguage\":\"de\",\"potentialAction\":[{\"@type\":\"ReadAction\",\"target\":[\"https:\/\/www.institut-f\u00fcr-ruhestandsplanung.de\/index.php\/webinaranmeldung\/\"]}]},{\"@type\":\"BreadcrumbList\",\"@id\":\"https:\/\/www.institut-f\u00fcr-ruhestandsplanung.de\/index.php\/webinaranmeldung\/#breadcrumb\",\"itemListElement\":[{\"@type\":\"ListItem\",\"position\":1,\"name\":\"Startseite\",\"item\":\"https:\/\/www.institut-f\u00fcr-ruhestandsplanung.de\/index.php\/\"},{\"@type\":\"ListItem\",\"position\":2,\"name\":\"Webinaranmeldung\"}]},{\"@type\":\"WebSite\",\"@id\":\"https:\/\/www.institut-f\u00fcr-ruhestandsplanung.de\/index.php\/#website\",\"url\":\"https:\/\/www.institut-f\u00fcr-ruhestandsplanung.de\/index.php\/\",\"name\":\"Institut f\u00fcr Ruhestandsplanung in M\u00fcnchen\",\"description\":\"\",\"potentialAction\":[{\"@type\":\"SearchAction\",\"target\":{\"@type\":\"EntryPoint\",\"urlTemplate\":\"https:\/\/www.institut-f\u00fcr-ruhestandsplanung.de\/index.php\/?s={search_term_string}\"},\"query-input\":\"required name=search_term_string\"}],\"inLanguage\":\"de\"}]}<\/script>\n<!-- \/ Yoast SEO plugin. -->","yoast_head_json":{"title":"Webinaranmeldung - Institut f\u00fcr Ruhestandsplanung in M\u00fcnchen","robots":{"index":"index","follow":"follow","max-snippet":"max-snippet:-1","max-image-preview":"max-image-preview:large","max-video-preview":"max-video-preview:-1"},"canonical":"https:\/\/www.institut-f\u00fcr-ruhestandsplanung.de\/index.php\/webinaranmeldung\/","og_locale":"de_DE","og_type":"article","og_title":"Webinaranmeldung - Institut f\u00fcr Ruhestandsplanung in M\u00fcnchen","og_description":"Willkommen bei der Webinar-Anmeldung Sie haben Interesse an unserem Webinar Aktuelle Markteinsch\u00e4tzung Welche Auswirkungen haben der Ukraine-Krieg, die Lieferengp\u00e4sse bei vielen Produkten, die hohe Inflation und die Energiewende auf Verm\u00f6gen, Renten, Finanzen. Was sind aktuell sinnvolle Konzepte, Verm\u00f6gen mit Sachwerten zu sichern und einen Inflationsausglich zu schaffen. Bitte f\u00fcllen Sie das folgende Formular vollstandig aus.&nbsp;Continue Reading &rarr;","og_url":"https:\/\/www.institut-f\u00fcr-ruhestandsplanung.de\/index.php\/webinaranmeldung\/","og_site_name":"Institut f\u00fcr Ruhestandsplanung in M\u00fcnchen","article_modified_time":"2022-12-28T10:10:39+00:00","twitter_card":"summary_large_image","twitter_misc":{"Gesch\u00e4tzte Lesezeit":"1\u00a0Minute"},"schema":{"@context":"https:\/\/schema.org","@graph":[{"@type":"WebPage","@id":"https:\/\/www.institut-f\u00fcr-ruhestandsplanung.de\/index.php\/webinaranmeldung\/","url":"https:\/\/www.institut-f\u00fcr-ruhestandsplanung.de\/index.php\/webinaranmeldung\/","name":"Webinaranmeldung - Institut f\u00fcr Ruhestandsplanung in M\u00fcnchen","isPartOf":{"@id":"https:\/\/www.institut-f\u00fcr-ruhestandsplanung.de\/index.php\/#website"},"datePublished":"2022-04-27T08:57:24+00:00","dateModified":"2022-12-28T10:10:39+00:00","breadcrumb":{"@id":"https:\/\/www.institut-f\u00fcr-ruhestandsplanung.de\/index.php\/webinaranmeldung\/#breadcrumb"},"inLanguage":"de","potentialAction":[{"@type":"ReadAction","target":["https:\/\/www.institut-f\u00fcr-ruhestandsplanung.de\/index.php\/webinaranmeldung\/"]}]},{"@type":"BreadcrumbList","@id":"https:\/\/www.institut-f\u00fcr-ruhestandsplanung.de\/index.php\/webinaranmeldung\/#breadcrumb","itemListElement":[{"@type":"ListItem","position":1,"name":"Startseite","item":"https:\/\/www.institut-f\u00fcr-ruhestandsplanung.de\/index.php\/"},{"@type":"ListItem","position":2,"name":"Webinaranmeldung"}]},{"@type":"WebSite","@id":"https:\/\/www.institut-f\u00fcr-ruhestandsplanung.de\/index.php\/#website","url":"https:\/\/www.institut-f\u00fcr-ruhestandsplanung.de\/index.php\/","name":"Institut f\u00fcr Ruhestandsplanung in M\u00fcnchen","description":"","potentialAction":[{"@type":"SearchAction","target":{"@type":"EntryPoint","urlTemplate":"https:\/\/www.institut-f\u00fcr-ruhestandsplanung.de\/index.php\/?s={search_term_string}"},"query-input":"required name=search_term_string"}],"inLanguage":"de"}]}},"_links":{"self":[{"href":"https:\/\/www.institut-f\u00fcr-ruhestandsplanung.de\/index.php\/wp-json\/wp\/v2\/pages\/956"}],"collection":[{"href":"https:\/\/www.institut-f\u00fcr-ruhestandsplanung.de\/index.php\/wp-json\/wp\/v2\/pages"}],"about":[{"href":"https:\/\/www.institut-f\u00fcr-ruhestandsplanung.de\/index.php\/wp-json\/wp\/v2\/types\/page"}],"author":[{"embeddable":true,"href":"https:\/\/www.institut-f\u00fcr-ruhestandsplanung.de\/index.php\/wp-json\/wp\/v2\/users\/1"}],"replies":[{"embeddable":true,"href":"https:\/\/www.institut-f\u00fcr-ruhestandsplanung.de\/index.php\/wp-json\/wp\/v2\/comments?post=956"}],"version-history":[{"count":5,"href":"https:\/\/www.institut-f\u00fcr-ruhestandsplanung.de\/index.php\/wp-json\/wp\/v2\/pages\/956\/revisions"}],"predecessor-version":[{"id":1062,"href":"https:\/\/www.institut-f\u00fcr-ruhestandsplanung.de\/index.php\/wp-json\/wp\/v2\/pages\/956\/revisions\/1062"}],"wp:attachment":[{"href":"https:\/\/www.institut-f\u00fcr-ruhestandsplanung.de\/index.php\/wp-json\/wp\/v2\/media?parent=956"}],"curies":[{"name":"wp","href":"https:\/\/api.w.org\/{rel}","templated":true}]}}